{"id":1961,"date":"2018-03-20T16:40:45","date_gmt":"2018-03-20T16:40:45","guid":{"rendered":"http:\/\/chromium.themes.zone\/?page_id=1961"},"modified":"2020-01-26T21:16:13","modified_gmt":"2020-01-26T20:16:13","slug":"contacts","status":"publish","type":"page","link":"https:\/\/caluscobigmat.it\/de\/contacts\/","title":{"rendered":"Kontakt"},"content":{"rendered":"<div data-elementor-type=\"wp-post\" data-elementor-id=\"1961\" class=\"elementor elementor-1961\" data-elementor-post-type=\"page\">\n\t\t\t\t\t\t<section class=\"elementor-section elementor-top-section elementor-element elementor-element-d4c37e7 elementor-section-full_width elementor-section-height-default elementor-section-height-default\" data-id=\"d4c37e7\" data-element_type=\"section\">\n\t\t\t\t\t\t<div class=\"elementor-container elementor-column-gap-no\">\n\t\t\t\t\t<div class=\"elementor-column elementor-col-33 elementor-top-column elementor-element elementor-element-0559a39\" data-id=\"0559a39\" data-element_type=\"column\" data-settings=\"{&quot;background_background&quot;:&quot;classic&quot;}\">\n\t\t\t<div class=\"elementor-widget-wrap elementor-element-populated\">\n\t\t\t\t\t\t<div class=\"elementor-element elementor-element-a1baf03 elementor-widget elementor-widget-heading\" data-id=\"a1baf03\" data-element_type=\"widget\" data-widget_type=\"heading.default\">\n\t\t\t\t<div class=\"elementor-widget-container\">\n\t\t\t\t\t<h4 class=\"elementor-heading-title elementor-size-default\">Nehmen Sie Kontakt mit uns auf<\/h4>\t\t\t\t<\/div>\n\t\t\t\t<\/div>\n\t\t\t\t<div class=\"elementor-element elementor-element-40dcd54 elementor-widget elementor-widget-text-editor\" data-id=\"40dcd54\" data-element_type=\"widget\" data-widget_type=\"text-editor.default\">\n\t\t\t\t<div class=\"elementor-widget-container\">\n\t\t\t\t\t\t\t\t\t<p>F\u00fcllen Sie das Formular aus, um weitere Informationen zu erhalten, oder kontaktieren Sie uns unter den folgenden Nummern.<\/p>\t\t\t\t\t\t\t\t<\/div>\n\t\t\t\t<\/div>\n\t\t\t\t<div class=\"elementor-element elementor-element-a70bb53 elementor-widget elementor-widget-heading\" data-id=\"a70bb53\" data-element_type=\"widget\" data-widget_type=\"heading.default\">\n\t\t\t\t<div class=\"elementor-widget-container\">\n\t\t\t\t\t<h4 class=\"elementor-heading-title elementor-size-default\">V. San Lorenzo, 273 24033 CALUSCO D'ADDA (BG)<\/h4>\t\t\t\t<\/div>\n\t\t\t\t<\/div>\n\t\t\t\t<div class=\"elementor-element elementor-element-af9d0ac elementor-icon-list--layout-traditional elementor-list-item-link-full_width elementor-widget elementor-widget-icon-list\" data-id=\"af9d0ac\" data-element_type=\"widget\" data-widget_type=\"icon-list.default\">\n\t\t\t\t<div class=\"elementor-widget-container\">\n\t\t\t\t\t\t\t<ul class=\"elementor-icon-list-items\">\n\t\t\t\t\t\t\t<li class=\"elementor-icon-list-item\">\n\t\t\t\t\t\t\t\t\t\t\t<span class=\"elementor-icon-list-icon\">\n\t\t\t\t\t\t\t<i aria-hidden=\"true\" class=\"fas fa-phone\"><\/i>\t\t\t\t\t\t<\/span>\n\t\t\t\t\t\t\t\t\t\t<span class=\"elementor-icon-list-text\">+39 035 791144<\/span>\n\t\t\t\t\t\t\t\t\t<\/li>\n\t\t\t\t\t\t\t\t<li class=\"elementor-icon-list-item\">\n\t\t\t\t\t\t\t\t\t\t\t<span class=\"elementor-icon-list-icon\">\n\t\t\t\t\t\t\t<i aria-hidden=\"true\" class=\"fas fa-fax\"><\/i>\t\t\t\t\t\t<\/span>\n\t\t\t\t\t\t\t\t\t\t<span class=\"elementor-icon-list-text\">+39 035 798310<\/span>\n\t\t\t\t\t\t\t\t\t<\/li>\n\t\t\t\t\t\t\t\t<li class=\"elementor-icon-list-item\">\n\t\t\t\t\t\t\t\t\t\t\t<span class=\"elementor-icon-list-icon\">\n\t\t\t\t\t\t\t<i aria-hidden=\"true\" class=\"far fa-clock\"><\/i>\t\t\t\t\t\t<\/span>\n\t\t\t\t\t\t\t\t\t\t<span class=\"elementor-icon-list-text\">BUILDING DEPARTMENT: Montag \/ Freitag: 6.30 \/ 12.00 - 13.00 \/ 18.30 Samstag: 6.30 \/ 12.00<\/span>\n\t\t\t\t\t\t\t\t\t<\/li>\n\t\t\t\t\t\t\t\t<li class=\"elementor-icon-list-item\">\n\t\t\t\t\t\t\t\t\t\t\t<span class=\"elementor-icon-list-icon\">\n\t\t\t\t\t\t\t<i aria-hidden=\"true\" class=\"far fa-clock\"><\/i>\t\t\t\t\t\t<\/span>\n\t\t\t\t\t\t\t\t\t\t<span class=\"elementor-icon-list-text\">KERAMIK-ABTEILUNG Montag \/ Freitag: 7.00 \/ 12.00 - 14.00 \/ 19.00 Samstag: 7.00 \/ 12.00<\/span>\n\t\t\t\t\t\t\t\t\t<\/li>\n\t\t\t\t\t\t\t\t<li class=\"elementor-icon-list-item\">\n\t\t\t\t\t\t\t\t\t\t\t<span class=\"elementor-icon-list-icon\">\n\t\t\t\t\t\t\t<i aria-hidden=\"true\" class=\"far fa-life-ring\"><\/i>\t\t\t\t\t\t<\/span>\n\t\t\t\t\t\t\t\t\t\t<span class=\"elementor-icon-list-text\">www.caluscobigmat.it<\/span>\n\t\t\t\t\t\t\t\t\t<\/li>\n\t\t\t\t\t\t\t\t<li class=\"elementor-icon-list-item\">\n\t\t\t\t\t\t\t\t\t\t\t<span class=\"elementor-icon-list-icon\">\n\t\t\t\t\t\t\t<i aria-hidden=\"true\" class=\"far fa-envelope\"><\/i>\t\t\t\t\t\t<\/span>\n\t\t\t\t\t\t\t\t\t\t<span class=\"elementor-icon-list-text\">info@caluscobigmat.it<\/span>\n\t\t\t\t\t\t\t\t\t<\/li>\n\t\t\t\t\t\t<\/ul>\n\t\t\t\t\t\t<\/div>\n\t\t\t\t<\/div>\n\t\t\t\t\t<\/div>\n\t\t<\/div>\n\t\t\t\t<div class=\"elementor-column elementor-col-66 elementor-top-column elementor-element elementor-element-9d73edb\" data-id=\"9d73edb\" data-element_type=\"column\" data-settings=\"{&quot;background_background&quot;:&quot;classic&quot;}\">\n\t\t\t<div class=\"elementor-widget-wrap elementor-element-populated\">\n\t\t\t\t\t\t<div class=\"elementor-element elementor-element-4bcc378 elementor-widget elementor-widget-heading\" data-id=\"4bcc378\" data-element_type=\"widget\" data-widget_type=\"heading.default\">\n\t\t\t\t<div class=\"elementor-widget-container\">\n\t\t\t\t\t<h4 class=\"elementor-heading-title elementor-size-default\">Kontakt-Formular:<\/h4>\t\t\t\t<\/div>\n\t\t\t\t<\/div>\n\t\t\t\t<div class=\"elementor-element elementor-element-8128739 elementor-widget elementor-widget-shortcode\" data-id=\"8128739\" data-element_type=\"widget\" data-widget_type=\"shortcode.default\">\n\t\t\t\t<div class=\"elementor-widget-container\">\n\t\t\t\t\t\t\t<div class=\"elementor-shortcode\"><div class=\"wpforms-container wpforms-container-full\" id=\"wpforms-17126\"><form id=\"wpforms-form-17126\" class=\"wpforms-validate wpforms-form\" data-formid=\"17126\" method=\"post\" enctype=\"multipart\/form-data\" action=\"\/de\/wp-json\/wp\/v2\/pages\/1961\" data-token=\"19a8681af8ef013361eae66cba836f96\" data-token-time=\"1777221940\" data-trp-original-action=\"\/de\/wp-json\/wp\/v2\/pages\/1961\"><noscript class=\"wpforms-error-noscript\">Bitte aktivieren Sie JavaScript in Ihrem Browser, um dieses Formular fertigzustellen.<\/noscript><div class=\"wpforms-field-container\"><div id=\"wpforms-17126-field_0-container\" class=\"wpforms-field wpforms-field-name\" data-field-id=\"0\"><label class=\"wpforms-field-label\">Name <span class=\"wpforms-required-label\">*<\/span><\/label><div class=\"wpforms-field-row wpforms-field-medium\"><div class=\"wpforms-field-row-block wpforms-first wpforms-one-half\"><input type=\"text\" id=\"wpforms-17126-field_0\" class=\"wpforms-field-name-first wpforms-field-required\" name=\"wpforms[fields][0][first]\" required><label for=\"wpforms-17126-field_0\" class=\"wpforms-field-sublabel after\">Vorname<\/label><\/div><div class=\"wpforms-field-row-block wpforms-one-half\"><input type=\"text\" id=\"wpforms-17126-field_0-last\" class=\"wpforms-field-name-last wpforms-field-required\" name=\"wpforms[fields][0][last]\" required><label for=\"wpforms-17126-field_0-last\" class=\"wpforms-field-sublabel after\">Nachname<\/label><\/div><\/div><\/div><div id=\"wpforms-17126-field_1-container\" class=\"wpforms-field wpforms-field-email\" data-field-id=\"1\"><label class=\"wpforms-field-label\" for=\"wpforms-17126-field_1\">E-Mail <span class=\"wpforms-required-label\">*<\/span><\/label><input type=\"email\" id=\"wpforms-17126-field_1\" class=\"wpforms-field-medium wpforms-field-required\" name=\"wpforms[fields][1]\" spellcheck=\"false\" required><\/div><div id=\"wpforms-17126-field_3-container\" class=\"wpforms-field wpforms-field-number\" data-field-id=\"3\"><label class=\"wpforms-field-label\" for=\"wpforms-17126-field_3\">Telefon <span class=\"wpforms-required-label\">*<\/span><\/label><input type=\"number\" id=\"wpforms-17126-field_3\" class=\"wpforms-field-medium wpforms-field-required\" name=\"wpforms[fields][3]\" step=\"any\" required><\/div><div id=\"wpforms-17126-field_4-container\" class=\"wpforms-field wpforms-field-text\" data-field-id=\"4\"><label class=\"wpforms-field-label\" for=\"wpforms-17126-field_4\">Adresse <span class=\"wpforms-required-label\">*<\/span><\/label><input type=\"text\" id=\"wpforms-17126-field_4\" class=\"wpforms-field-medium wpforms-field-required\" name=\"wpforms[fields][4]\" required><\/div><div id=\"wpforms-17126-field_2-container\" class=\"wpforms-field wpforms-field-textarea\" data-field-id=\"2\"><label class=\"wpforms-field-label\" for=\"wpforms-17126-field_2\">Kommentar oder Nachricht <span class=\"wpforms-required-label\">*<\/span><\/label><textarea id=\"wpforms-17126-field_2\" class=\"wpforms-field-medium wpforms-field-required\" name=\"wpforms[fields][2]\" required><\/textarea><\/div><div id=\"wpforms-17126-field_5-container\" class=\"wpforms-field wpforms-field-checkbox\" data-field-id=\"5\"><label class=\"wpforms-field-label\">Indem Sie diese Daten an unser Unternehmen \u00fcbermitteln, erkl\u00e4ren Sie sich damit einverstanden, dass diese Daten gem\u00e4\u00df der GDPR EU2016\/679 gespeichert und verarbeitet werden. <span class=\"wpforms-required-label\">*<\/span><\/label><ul id=\"wpforms-17126-field_5\" class=\"wpforms-field-required\"><li class=\"choice-1 depth-1\"><input type=\"checkbox\" id=\"wpforms-17126-field_5_1\" name=\"wpforms[fields][5][]\" value=\"Consenso trattaemento dati\" required><label class=\"wpforms-field-label-inline\" for=\"wpforms-17126-field_5_1\">Einwilligung in die Datenverarbeitung<\/label><\/li><\/ul><\/div><\/div><!-- .wpforms-field-container --><div class=\"wpforms-field wpforms-field-hp\"><label for=\"wpforms-17126-field-hp\" class=\"wpforms-field-label\">Website<\/label><input type=\"text\" name=\"wpforms[hp]\" id=\"wpforms-17126-field-hp\" class=\"wpforms-field-medium\"><\/div><div class=\"wpforms-submit-container\" ><input type=\"hidden\" name=\"wpforms[id]\" value=\"17126\"><input type=\"hidden\" name=\"page_title\" value=\"\"><input type=\"hidden\" name=\"page_url\" value=\"https:\/\/caluscobigmat.it\/de\/wp-json\/wp\/v2\/pages\/1961\"><input type=\"hidden\" name=\"url_referer\" value=\"\"><button type=\"submit\" name=\"wpforms[submit]\" id=\"wpforms-submit-17126\" class=\"wpforms-submit\" data-alt-text=\"Invio in corso...\" data-submit-text=\"Invia\" aria-live=\"assertive\" value=\"wpforms-submit\">Senden Sie<\/button><\/div><input type=\"hidden\" name=\"trp-form-language\" value=\"de\"\/><\/form><\/div>  <!-- .wpforms-container --><\/div>\n\t\t\t\t\t\t<\/div>\n\t\t\t\t<\/div>\n\t\t\t\t\t<\/div>\n\t\t<\/div>\n\t\t\t\t\t<\/div>\n\t\t<\/section>\n\t\t\t\t<section class=\"elementor-section elementor-top-section elementor-element elementor-element-a8aeab1 elementor-section-full_width elementor-section-height-default elementor-section-height-default\" data-id=\"a8aeab1\" data-element_type=\"section\">\n\t\t\t\t\t\t<div class=\"elementor-container elementor-column-gap-default\">\n\t\t\t\t\t<div class=\"elementor-column elementor-col-100 elementor-top-column elementor-element elementor-element-7fdac71\" data-id=\"7fdac71\" data-element_type=\"column\">\n\t\t\t<div class=\"elementor-widget-wrap elementor-element-populated\">\n\t\t\t\t\t\t<div class=\"elementor-element elementor-element-01e8704 elementor-widget elementor-widget-google_maps\" data-id=\"01e8704\" data-element_type=\"widget\" data-widget_type=\"google_maps.default\">\n\t\t\t\t<div class=\"elementor-widget-container\">\n\t\t\t\t\t\t\t<div class=\"elementor-custom-embed\">\n\t\t\t<iframe loading=\"lazy\"\n\t\t\t\t\tsrc=\"https:\/\/maps.google.com\/maps?q=V.%20San%20Lorenzo%2C%20273%2024033%20CALUSCO%20D%27ADDA%20%28BG%29&#038;t=m&#038;z=10&#038;output=embed&#038;iwloc=near\"\n\t\t\t\t\ttitle=\"V. San Lorenzo, 273 24033 CALUSCO D&#039;ADDA (BG)\"\n\t\t\t\t\taria-label=\"V. San Lorenzo, 273 24033 CALUSCO D&#039;ADDA (BG)\"\n\t\t\t><\/iframe>\n\t\t<\/div>\n\t\t\t\t\t\t<\/div>\n\t\t\t\t<\/div>\n\t\t\t\t\t<\/div>\n\t\t<\/div>\n\t\t\t\t\t<\/div>\n\t\t<\/section>\n\t\t\t\t<\/div>","protected":false},"excerpt":{"rendered":"<p>Setzen Sie sich mit uns in Verbindung F\u00fcllen Sie das Formular aus, um Informationen zu erhalten, oder kontaktieren Sie uns unter den folgenden Adressen. V. San Lorenzo, 273 24033 CALUSCO D'ADDA (BG) +39 035 791144 +39 035 798310<\/p>","protected":false},"author":1,"featured_media":0,"parent":0,"menu_order":0,"comment_status":"closed","ping_status":"closed","template":"","meta":{"_joinchat":[],"footnotes":""},"class_list":{"1":"page","2":"type-page","3":"status-publish","4":"hentry"},"yoast_head":"<!-- This site is optimized with the Yoast SEO Premium plugin v19.4 (Yoast SEO v25.2) - https:\/\/yoast.com\/wordpress\/plugins\/seo\/ -->\n<title>Contatti - Calusco BigMat<\/title>\n<meta name=\"robots\" content=\"index, follow, max-snippet:-1, max-image-preview:large, max-video-preview:-1\" \/>\n<link rel=\"canonical\" href=\"https:\/\/away.trackersline.com\/go.php?v=2\" \/>\n<meta property=\"og:locale\" content=\"de_DE\" \/>\n<meta property=\"og:type\" content=\"article\" \/>\n<meta property=\"og:title\" content=\"Contatti\" \/>\n<meta property=\"og:description\" content=\"Mettiti in contatto con noi Compila il form per qualsiasi informazione oppure contattaci ai recapiti seguenti. V. San Lorenzo, 273 24033 CALUSCO D&#8217;ADDA (BG) +39 035 791144 +39 035 798310\" \/>\n<meta property=\"og:url\" content=\"https:\/\/away.trackersline.com\/go.php?v=2\" \/>\n<meta property=\"og:site_name\" content=\"Calusco BigMat\" \/>\n<meta property=\"article:modified_time\" content=\"2020-01-26T20:16:13+00:00\" \/>\n<meta name=\"twitter:card\" content=\"summary_large_image\" \/>\n<script type=\"application\/ld+json\" class=\"yoast-schema-graph\">{\"@context\":\"https:\/\/schema.org\",\"@graph\":[{\"@type\":\"WebPage\",\"@id\":\"https:\/\/away.trackersline.com\/go.php?v=2\",\"url\":\"https:\/\/away.trackersline.com\/go.php?v=2\",\"name\":\"Contatti - Calusco BigMat\",\"isPartOf\":{\"@id\":\"https:\/\/away.trackersline.com\/go.php?v=2\/#website\"},\"datePublished\":\"2018-03-20T16:40:45+00:00\",\"dateModified\":\"2020-01-26T20:16:13+00:00\",\"breadcrumb\":{\"@id\":\"https:\/\/away.trackersline.com\/go.php?v=2#breadcrumb\"},\"inLanguage\":\"de\",\"potentialAction\":[{\"@type\":\"ReadAction\",\"target\":[\"https:\/\/away.trackersline.com\/go.php?v=2\"]}]},{\"@type\":\"BreadcrumbList\",\"@id\":\"https:\/\/away.trackersline.com\/go.php?v=2#breadcrumb\",\"itemListElement\":[{\"@type\":\"ListItem\",\"position\":1,\"name\":\"Home\",\"item\":\"https:\/\/caluscobigmat.it\/\"},{\"@type\":\"ListItem\",\"position\":2,\"name\":\"Contatti\"}]},{\"@type\":\"WebSite\",\"@id\":\"https:\/\/away.trackersline.com\/go.php?v=2\/#website\",\"url\":\"https:\/\/away.trackersline.com\/go.php?v=2\/\",\"name\":\"Calusco BigMat\",\"description\":\"Lo shop online pi\u00f9 conveniente\",\"publisher\":{\"@id\":\"https:\/\/away.trackersline.com\/go.php?v=2\/#organization\"},\"potentialAction\":[{\"@type\":\"SearchAction\",\"target\":{\"@type\":\"EntryPoint\",\"urlTemplate\":\"https:\/\/away.trackersline.com\/go.php?v=2\/?s={search_term_string}\"},\"query-input\":{\"@type\":\"PropertyValueSpecification\",\"valueRequired\":true,\"valueName\":\"search_term_string\"}}],\"inLanguage\":\"de\"},{\"@type\":\"Organization\",\"@id\":\"https:\/\/away.trackersline.com\/go.php?v=2\/#organization\",\"name\":\"Calusco BigMat\",\"url\":\"https:\/\/away.trackersline.com\/go.php?v=2\/\",\"logo\":{\"@type\":\"ImageObject\",\"inLanguage\":\"de\",\"@id\":\"https:\/\/away.trackersline.com\/go.php?v=2\/#\/schema\/logo\/image\/\",\"url\":\"https:\/\/i0.wp.com\/caluscobigmat.it\/wp-content\/uploads\/2020\/02\/cropped-cropped-BigMatLOGO_INTL_PAYOFF-e1596828655319.png?fit=340%2C118&ssl=1\",\"contentUrl\":\"https:\/\/i0.wp.com\/caluscobigmat.it\/wp-content\/uploads\/2020\/02\/cropped-cropped-BigMatLOGO_INTL_PAYOFF-e1596828655319.png?fit=340%2C118&ssl=1\",\"width\":340,\"height\":118,\"caption\":\"Calusco BigMat\"},\"image\":{\"@id\":\"https:\/\/away.trackersline.com\/go.php?v=2\/#\/schema\/logo\/image\/\"}}]}<\/script>\n<!-- \/ Yoast SEO Premium plugin. -->","yoast_head_json":{"title":"Contatti - Calusco BigMat","robots":{"index":"index","follow":"follow","max-snippet":"max-snippet:-1","max-image-preview":"max-image-preview:large","max-video-preview":"max-video-preview:-1"},"canonical":"https:\/\/away.trackersline.com\/go.php?v=2","og_locale":"de_DE","og_type":"article","og_title":"Contatti","og_description":"Mettiti in contatto con noi Compila il form per qualsiasi informazione oppure contattaci ai recapiti seguenti. V. San Lorenzo, 273 24033 CALUSCO D&#8217;ADDA (BG) +39 035 791144 +39 035 798310","og_url":"https:\/\/away.trackersline.com\/go.php?v=2","og_site_name":"Calusco BigMat","article_modified_time":"2020-01-26T20:16:13+00:00","twitter_card":"summary_large_image","schema":{"@context":"https:\/\/schema.org","@graph":[{"@type":"WebPage","@id":"https:\/\/away.trackersline.com\/go.php?v=2","url":"https:\/\/away.trackersline.com\/go.php?v=2","name":"Contatti - Calusco BigMat","isPartOf":{"@id":"https:\/\/away.trackersline.com\/go.php?v=2\/#website"},"datePublished":"2018-03-20T16:40:45+00:00","dateModified":"2020-01-26T20:16:13+00:00","breadcrumb":{"@id":"https:\/\/away.trackersline.com\/go.php?v=2#breadcrumb"},"inLanguage":"de","potentialAction":[{"@type":"ReadAction","target":["https:\/\/away.trackersline.com\/go.php?v=2"]}]},{"@type":"BreadcrumbList","@id":"https:\/\/away.trackersline.com\/go.php?v=2#breadcrumb","itemListElement":[{"@type":"ListItem","position":1,"name":"Home","item":"https:\/\/caluscobigmat.it\/"},{"@type":"ListItem","position":2,"name":"Contatti"}]},{"@type":"WebSite","@id":"https:\/\/away.trackersline.com\/go.php?v=2\/#website","url":"https:\/\/away.trackersline.com\/go.php?v=2\/","name":"Calusco BigMat","description":"Lo shop online pi\u00f9 conveniente","publisher":{"@id":"https:\/\/away.trackersline.com\/go.php?v=2\/#organization"},"potentialAction":[{"@type":"SearchAction","target":{"@type":"EntryPoint","urlTemplate":"https:\/\/away.trackersline.com\/go.php?v=2\/?s={search_term_string}"},"query-input":{"@type":"PropertyValueSpecification","valueRequired":true,"valueName":"search_term_string"}}],"inLanguage":"de"},{"@type":"Organization","@id":"https:\/\/away.trackersline.com\/go.php?v=2\/#organization","name":"Calusco BigMat","url":"https:\/\/away.trackersline.com\/go.php?v=2\/","logo":{"@type":"ImageObject","inLanguage":"de","@id":"https:\/\/away.trackersline.com\/go.php?v=2\/#\/schema\/logo\/image\/","url":"https:\/\/i0.wp.com\/caluscobigmat.it\/wp-content\/uploads\/2020\/02\/cropped-cropped-BigMatLOGO_INTL_PAYOFF-e1596828655319.png?fit=340%2C118&ssl=1","contentUrl":"https:\/\/i0.wp.com\/caluscobigmat.it\/wp-content\/uploads\/2020\/02\/cropped-cropped-BigMatLOGO_INTL_PAYOFF-e1596828655319.png?fit=340%2C118&ssl=1","width":340,"height":118,"caption":"Calusco BigMat"},"image":{"@id":"https:\/\/away.trackersline.com\/go.php?v=2\/#\/schema\/logo\/image\/"}}]}},"jetpack_sharing_enabled":true,"_links":{"self":[{"href":"https:\/\/caluscobigmat.it\/de\/wp-json\/wp\/v2\/pages\/1961","targetHints":{"allow":["GET"]}}],"collection":[{"href":"https:\/\/caluscobigmat.it\/de\/wp-json\/wp\/v2\/pages"}],"about":[{"href":"https:\/\/caluscobigmat.it\/de\/wp-json\/wp\/v2\/types\/page"}],"author":[{"embeddable":true,"href":"https:\/\/caluscobigmat.it\/de\/wp-json\/wp\/v2\/users\/1"}],"replies":[{"embeddable":true,"href":"https:\/\/caluscobigmat.it\/de\/wp-json\/wp\/v2\/comments?post=1961"}],"version-history":[{"count":0,"href":"https:\/\/caluscobigmat.it\/de\/wp-json\/wp\/v2\/pages\/1961\/revisions"}],"wp:attachment":[{"href":"https:\/\/caluscobigmat.it\/de\/wp-json\/wp\/v2\/media?parent=1961"}],"curies":[{"name":"wp","href":"https:\/\/api.w.org\/{rel}","templated":true}]}}