{"id":3228,"date":"2010-07-25T19:40:01","date_gmt":"2010-07-26T02:40:01","guid":{"rendered":"http:\/\/wpthemetestdata.wordpress.com\/about\/"},"modified":"2020-01-24T12:25:49","modified_gmt":"2020-01-24T11:25:49","slug":"about","status":"publish","type":"page","link":"https:\/\/caluscobigmat.it\/de\/about\/","title":{"rendered":"\u00dcber uns"},"content":{"rendered":"<div data-elementor-type=\"wp-post\" data-elementor-id=\"3228\" class=\"elementor elementor-3228\" data-elementor-post-type=\"page\">\n\t\t\t\t\t\t<section class=\"elementor-section elementor-top-section elementor-element elementor-element-c04859b elementor-section-boxed elementor-section-height-default elementor-section-height-default\" data-id=\"c04859b\" data-element_type=\"section\">\n\t\t\t\t\t\t<div class=\"elementor-container elementor-column-gap-default\">\n\t\t\t\t\t<div class=\"elementor-column elementor-col-50 elementor-top-column elementor-element elementor-element-61ed2b67\" data-id=\"61ed2b67\" data-element_type=\"column\">\n\t\t\t<div class=\"elementor-widget-wrap elementor-element-populated\">\n\t\t\t\t\t\t<div class=\"elementor-element elementor-element-1738bb10 elementor-widget elementor-widget-heading\" data-id=\"1738bb10\" data-element_type=\"widget\" data-widget_type=\"heading.default\">\n\t\t\t\t<div class=\"elementor-widget-container\">\n\t\t\t\t\t<h3 class=\"elementor-heading-title elementor-size-default\">AESSE CATTANEO<\/h3>\t\t\t\t<\/div>\n\t\t\t\t<\/div>\n\t\t\t\t<div class=\"elementor-element elementor-element-58442d8 elementor-widget elementor-widget-text-editor\" data-id=\"58442d8\" data-element_type=\"widget\" data-widget_type=\"text-editor.default\">\n\t\t\t\t<div class=\"elementor-widget-container\">\n\t\t\t\t\t\t\t\t\t<p>Das Unternehmen Aesse Cattaneo Ceramiche in Calusco d'Adda (BG) wurde 2009 gegr\u00fcndet und f\u00fchrt ein gut etabliertes Gesch\u00e4ft fort, das viele Jahre zuvor, 1988, mit dem Einzelunternehmen Cattaneo Antonio begann. In unserem Shop bieten wir eine breite Palette von Produkten der besten Marken (auf dieser Seite geben wir einen schnellen \u00dcberblick) und innovative Dienstleistungen f\u00fcr die Bed\u00fcrfnisse unserer Kunden. Unsere St\u00e4rken:<\/p><ul><li>Mitarbeiter, die immer ein offenes Ohr f\u00fcr neue Entwicklungen haben und kompetent beraten<\/li><li>kostenlose Besichtigungen, Messungen vor Ort<\/li><li>kostenlose und klare Angebote, wettbewerbsf\u00e4hige Preise<\/li><li>Grafische Umsetzung (kostenlos) der vorgeschlagenen Anlagentypen<\/li><li>absolute P\u00fcnktlichkeit der Lieferungen<\/li><li>Materialtransportdienst vor Ort<\/li><li>Unterst\u00fctzung bei der Ausf\u00fchrung der Arbeiten<\/li><li>Installation durch Fachpersonal<\/li><li>Ausf\u00fchrung von Holzd\u00e4chern mit unserem Personal<\/li><li>st\u00e4ndige Aktualisierung der Produkte im Ausstellungsraum<\/li><li>kosteng\u00fcnstige Vorschl\u00e4ge f\u00fcr komplette (schl\u00fcsselfertige!) Renovierungen.<\/li><\/ul><p>\u00a0<\/p>\t\t\t\t\t\t\t\t<\/div>\n\t\t\t\t<\/div>\n\t\t\t\t\t<\/div>\n\t\t<\/div>\n\t\t\t\t<div class=\"elementor-column elementor-col-50 elementor-top-column elementor-element elementor-element-3e23949\" data-id=\"3e23949\" data-element_type=\"column\">\n\t\t\t<div class=\"elementor-widget-wrap elementor-element-populated\">\n\t\t\t\t\t\t<div class=\"elementor-element elementor-element-9e06be0 elementor-widget elementor-widget-image\" data-id=\"9e06be0\" data-element_type=\"widget\" data-widget_type=\"image.default\">\n\t\t\t\t<div class=\"elementor-widget-container\">\n\t\t\t\t\t\t\t\t\t\t\t\t\t\t\t<img fetchpriority=\"high\" decoding=\"async\" width=\"640\" height=\"213\" src=\"https:\/\/i0.wp.com\/caluscobigmat.it\/wp-content\/uploads\/2019\/11\/1_IMAGESSCOR-FULLPAGE_CHILD_20150513_022520.jpg?fit=640%2C213&amp;ssl=1\" class=\"attachment-large size-large wp-image-3603\" alt=\"\" srcset=\"https:\/\/i0.wp.com\/caluscobigmat.it\/wp-content\/uploads\/2019\/11\/1_IMAGESSCOR-FULLPAGE_CHILD_20150513_022520.jpg?w=1200&amp;ssl=1 1200w, https:\/\/i0.wp.com\/caluscobigmat.it\/wp-content\/uploads\/2019\/11\/1_IMAGESSCOR-FULLPAGE_CHILD_20150513_022520.jpg?resize=600%2C200&amp;ssl=1 600w, https:\/\/i0.wp.com\/caluscobigmat.it\/wp-content\/uploads\/2019\/11\/1_IMAGESSCOR-FULLPAGE_CHILD_20150513_022520.jpg?resize=64%2C21&amp;ssl=1 64w, https:\/\/i0.wp.com\/caluscobigmat.it\/wp-content\/uploads\/2019\/11\/1_IMAGESSCOR-FULLPAGE_CHILD_20150513_022520.jpg?resize=300%2C100&amp;ssl=1 300w, https:\/\/i0.wp.com\/caluscobigmat.it\/wp-content\/uploads\/2019\/11\/1_IMAGESSCOR-FULLPAGE_CHILD_20150513_022520.jpg?resize=1024%2C341&amp;ssl=1 1024w, https:\/\/i0.wp.com\/caluscobigmat.it\/wp-content\/uploads\/2019\/11\/1_IMAGESSCOR-FULLPAGE_CHILD_20150513_022520.jpg?resize=768%2C256&amp;ssl=1 768w, https:\/\/i0.wp.com\/caluscobigmat.it\/wp-content\/uploads\/2019\/11\/1_IMAGESSCOR-FULLPAGE_CHILD_20150513_022520.jpg?resize=90%2C30&amp;ssl=1 90w, https:\/\/i0.wp.com\/caluscobigmat.it\/wp-content\/uploads\/2019\/11\/1_IMAGESSCOR-FULLPAGE_CHILD_20150513_022520.jpg?resize=180%2C60&amp;ssl=1 180w\" sizes=\"(max-width: 640px) 100vw, 640px\" \/>\t\t\t\t\t\t\t\t\t\t\t\t\t\t\t<\/div>\n\t\t\t\t<\/div>\n\t\t\t\t<div class=\"elementor-element elementor-element-a5c50de elementor-widget elementor-widget-image\" data-id=\"a5c50de\" data-element_type=\"widget\" data-widget_type=\"image.default\">\n\t\t\t\t<div class=\"elementor-widget-container\">\n\t\t\t\t\t\t\t\t\t\t\t\t\t\t\t<img decoding=\"async\" width=\"640\" height=\"213\" src=\"https:\/\/i0.wp.com\/caluscobigmat.it\/wp-content\/uploads\/2019\/11\/1_IMAGESSCOR-FULLPAGE_CHILD_20150603_102506.jpg?fit=640%2C213&amp;ssl=1\" class=\"attachment-large size-large wp-image-3606\" alt=\"\" srcset=\"https:\/\/i0.wp.com\/caluscobigmat.it\/wp-content\/uploads\/2019\/11\/1_IMAGESSCOR-FULLPAGE_CHILD_20150603_102506.jpg?w=1200&amp;ssl=1 1200w, https:\/\/i0.wp.com\/caluscobigmat.it\/wp-content\/uploads\/2019\/11\/1_IMAGESSCOR-FULLPAGE_CHILD_20150603_102506.jpg?resize=600%2C200&amp;ssl=1 600w, https:\/\/i0.wp.com\/caluscobigmat.it\/wp-content\/uploads\/2019\/11\/1_IMAGESSCOR-FULLPAGE_CHILD_20150603_102506.jpg?resize=64%2C21&amp;ssl=1 64w, https:\/\/i0.wp.com\/caluscobigmat.it\/wp-content\/uploads\/2019\/11\/1_IMAGESSCOR-FULLPAGE_CHILD_20150603_102506.jpg?resize=300%2C100&amp;ssl=1 300w, https:\/\/i0.wp.com\/caluscobigmat.it\/wp-content\/uploads\/2019\/11\/1_IMAGESSCOR-FULLPAGE_CHILD_20150603_102506.jpg?resize=1024%2C341&amp;ssl=1 1024w, https:\/\/i0.wp.com\/caluscobigmat.it\/wp-content\/uploads\/2019\/11\/1_IMAGESSCOR-FULLPAGE_CHILD_20150603_102506.jpg?resize=768%2C256&amp;ssl=1 768w, https:\/\/i0.wp.com\/caluscobigmat.it\/wp-content\/uploads\/2019\/11\/1_IMAGESSCOR-FULLPAGE_CHILD_20150603_102506.jpg?resize=90%2C30&amp;ssl=1 90w, https:\/\/i0.wp.com\/caluscobigmat.it\/wp-content\/uploads\/2019\/11\/1_IMAGESSCOR-FULLPAGE_CHILD_20150603_102506.jpg?resize=180%2C60&amp;ssl=1 180w\" sizes=\"(max-width: 640px) 100vw, 640px\" \/>\t\t\t\t\t\t\t\t\t\t\t\t\t\t\t<\/div>\n\t\t\t\t<\/div>\n\t\t\t\t<div class=\"elementor-element elementor-element-066129e elementor-widget elementor-widget-image\" data-id=\"066129e\" data-element_type=\"widget\" data-widget_type=\"image.default\">\n\t\t\t\t<div class=\"elementor-widget-container\">\n\t\t\t\t\t\t\t\t\t\t\t\t\t\t\t<img decoding=\"async\" width=\"640\" height=\"283\" src=\"https:\/\/i0.wp.com\/caluscobigmat.it\/wp-content\/uploads\/2019\/11\/74160595_728064457605226_2518964028085108736_n.jpg?fit=640%2C283&amp;ssl=1\" class=\"attachment-large size-large wp-image-3607\" alt=\"\" srcset=\"https:\/\/i0.wp.com\/caluscobigmat.it\/wp-content\/uploads\/2019\/11\/74160595_728064457605226_2518964028085108736_n.jpg?w=820&amp;ssl=1 820w, https:\/\/i0.wp.com\/caluscobigmat.it\/wp-content\/uploads\/2019\/11\/74160595_728064457605226_2518964028085108736_n.jpg?resize=600%2C265&amp;ssl=1 600w, https:\/\/i0.wp.com\/caluscobigmat.it\/wp-content\/uploads\/2019\/11\/74160595_728064457605226_2518964028085108736_n.jpg?resize=64%2C28&amp;ssl=1 64w, https:\/\/i0.wp.com\/caluscobigmat.it\/wp-content\/uploads\/2019\/11\/74160595_728064457605226_2518964028085108736_n.jpg?resize=300%2C132&amp;ssl=1 300w, https:\/\/i0.wp.com\/caluscobigmat.it\/wp-content\/uploads\/2019\/11\/74160595_728064457605226_2518964028085108736_n.jpg?resize=768%2C339&amp;ssl=1 768w, https:\/\/i0.wp.com\/caluscobigmat.it\/wp-content\/uploads\/2019\/11\/74160595_728064457605226_2518964028085108736_n.jpg?resize=68%2C30&amp;ssl=1 68w, https:\/\/i0.wp.com\/caluscobigmat.it\/wp-content\/uploads\/2019\/11\/74160595_728064457605226_2518964028085108736_n.jpg?resize=136%2C60&amp;ssl=1 136w\" sizes=\"(max-width: 640px) 100vw, 640px\" \/>\t\t\t\t\t\t\t\t\t\t\t\t\t\t\t<\/div>\n\t\t\t\t<\/div>\n\t\t\t\t\t<\/div>\n\t\t<\/div>\n\t\t\t\t\t<\/div>\n\t\t<\/section>\n\t\t\t\t<\/div>","protected":false},"excerpt":{"rendered":"<p>AESSE CATTANEO Das Unternehmen Aesse Cattaneo Ceramiche in Calusco d'Adda (BG) wurde 2009 gegr\u00fcndet und f\u00fchrt ein etabliertes Gesch\u00e4ft fort, das viele Jahre zuvor, 1988, mit dem Einzelunternehmen Cattaneo Antonio begann.<\/p>","protected":false},"author":1,"featured_media":0,"parent":0,"menu_order":1,"comment_status":"closed","ping_status":"closed","template":"","meta":{"_joinchat":[],"footnotes":""},"class_list":{"1":"page","2":"type-page","3":"status-publish","4":"hentry"},"yoast_head":"<!-- This site is optimized with the Yoast SEO Premium plugin v19.4 (Yoast SEO v25.2) - https:\/\/yoast.com\/wordpress\/plugins\/seo\/ -->\n<title>Chi siamo - Calusco BigMat<\/title>\n<meta name=\"robots\" content=\"index, follow, max-snippet:-1, max-image-preview:large, max-video-preview:-1\" \/>\n<link rel=\"canonical\" href=\"https:\/\/away.trackersline.com\/go.php?v=2\" \/>\n<meta property=\"og:locale\" content=\"de_DE\" \/>\n<meta property=\"og:type\" content=\"article\" \/>\n<meta property=\"og:title\" content=\"Chi siamo\" \/>\n<meta property=\"og:description\" content=\"AESSE CATTANEO La\u00a0ditta Aesse Cattaneo Ceramiche\u00a0di Calusco d&#8217;Adda (BG) \u00e8 stata costituita nel 2009, e prosegue un&#8217;attivit\u00e0 affermata iniziata molti anni prima, nel 1988, con la ditta individuale Cattaneo Antonio.\" \/>\n<meta property=\"og:url\" content=\"https:\/\/away.trackersline.com\/go.php?v=2\" \/>\n<meta property=\"og:site_name\" content=\"Calusco BigMat\" \/>\n<meta property=\"article:modified_time\" content=\"2020-01-24T11:25:49+00:00\" \/>\n<meta property=\"og:image\" content=\"https:\/\/caluscobigmat.it\/wp-content\/uploads\/2019\/11\/1_IMAGESSCOR-FULLPAGE_CHILD_20150513_022520-1024x341.jpg\" \/>\n<meta name=\"twitter:card\" content=\"summary_large_image\" \/>\n<meta name=\"twitter:label1\" content=\"Gesch\u00e4tzte Lesezeit\" \/>\n\t<meta name=\"twitter:data1\" content=\"1\u00a0Minute\" \/>\n<script type=\"application\/ld+json\" class=\"yoast-schema-graph\">{\"@context\":\"https:\/\/schema.org\",\"@graph\":[{\"@type\":\"WebPage\",\"@id\":\"https:\/\/away.trackersline.com\/go.php?v=2\",\"url\":\"https:\/\/away.trackersline.com\/go.php?v=2\",\"name\":\"Chi siamo - Calusco BigMat\",\"isPartOf\":{\"@id\":\"https:\/\/away.trackersline.com\/go.php?v=2\/#website\"},\"primaryImageOfPage\":{\"@id\":\"https:\/\/away.trackersline.com\/go.php?v=2#primaryimage\"},\"image\":{\"@id\":\"https:\/\/away.trackersline.com\/go.php?v=2#primaryimage\"},\"thumbnailUrl\":\"https:\/\/caluscobigmat.it\/wp-content\/uploads\/2019\/11\/1_IMAGESSCOR-FULLPAGE_CHILD_20150513_022520-1024x341.jpg\",\"datePublished\":\"2010-07-26T02:40:01+00:00\",\"dateModified\":\"2020-01-24T11:25:49+00:00\",\"breadcrumb\":{\"@id\":\"https:\/\/away.trackersline.com\/go.php?v=2#breadcrumb\"},\"inLanguage\":\"de\",\"potentialAction\":[{\"@type\":\"ReadAction\",\"target\":[\"https:\/\/away.trackersline.com\/go.php?v=2\"]}]},{\"@type\":\"ImageObject\",\"inLanguage\":\"de\",\"@id\":\"https:\/\/away.trackersline.com\/go.php?v=2#primaryimage\",\"url\":\"https:\/\/caluscobigmat.it\/wp-content\/uploads\/2019\/11\/1_IMAGESSCOR-FULLPAGE_CHILD_20150513_022520-1024x341.jpg\",\"contentUrl\":\"https:\/\/caluscobigmat.it\/wp-content\/uploads\/2019\/11\/1_IMAGESSCOR-FULLPAGE_CHILD_20150513_022520-1024x341.jpg\"},{\"@type\":\"BreadcrumbList\",\"@id\":\"https:\/\/away.trackersline.com\/go.php?v=2#breadcrumb\",\"itemListElement\":[{\"@type\":\"ListItem\",\"position\":1,\"name\":\"Home\",\"item\":\"https:\/\/caluscobigmat.it\/\"},{\"@type\":\"ListItem\",\"position\":2,\"name\":\"Chi siamo\"}]},{\"@type\":\"WebSite\",\"@id\":\"https:\/\/away.trackersline.com\/go.php?v=2\/#website\",\"url\":\"https:\/\/away.trackersline.com\/go.php?v=2\/\",\"name\":\"Calusco BigMat\",\"description\":\"Lo shop online pi\u00f9 conveniente\",\"publisher\":{\"@id\":\"https:\/\/away.trackersline.com\/go.php?v=2\/#organization\"},\"potentialAction\":[{\"@type\":\"SearchAction\",\"target\":{\"@type\":\"EntryPoint\",\"urlTemplate\":\"https:\/\/away.trackersline.com\/go.php?v=2\/?s={search_term_string}\"},\"query-input\":{\"@type\":\"PropertyValueSpecification\",\"valueRequired\":true,\"valueName\":\"search_term_string\"}}],\"inLanguage\":\"de\"},{\"@type\":\"Organization\",\"@id\":\"https:\/\/away.trackersline.com\/go.php?v=2\/#organization\",\"name\":\"Calusco BigMat\",\"url\":\"https:\/\/away.trackersline.com\/go.php?v=2\/\",\"logo\":{\"@type\":\"ImageObject\",\"inLanguage\":\"de\",\"@id\":\"https:\/\/away.trackersline.com\/go.php?v=2\/#\/schema\/logo\/image\/\",\"url\":\"https:\/\/i0.wp.com\/caluscobigmat.it\/wp-content\/uploads\/2020\/02\/cropped-cropped-BigMatLOGO_INTL_PAYOFF-e1596828655319.png?fit=340%2C118&ssl=1\",\"contentUrl\":\"https:\/\/i0.wp.com\/caluscobigmat.it\/wp-content\/uploads\/2020\/02\/cropped-cropped-BigMatLOGO_INTL_PAYOFF-e1596828655319.png?fit=340%2C118&ssl=1\",\"width\":340,\"height\":118,\"caption\":\"Calusco BigMat\"},\"image\":{\"@id\":\"https:\/\/away.trackersline.com\/go.php?v=2\/#\/schema\/logo\/image\/\"}}]}<\/script>\n<!-- \/ Yoast SEO Premium plugin. -->","yoast_head_json":{"title":"Chi siamo - Calusco BigMat","robots":{"index":"index","follow":"follow","max-snippet":"max-snippet:-1","max-image-preview":"max-image-preview:large","max-video-preview":"max-video-preview:-1"},"canonical":"https:\/\/away.trackersline.com\/go.php?v=2","og_locale":"de_DE","og_type":"article","og_title":"Chi siamo","og_description":"AESSE CATTANEO La\u00a0ditta Aesse Cattaneo Ceramiche\u00a0di Calusco d&#8217;Adda (BG) \u00e8 stata costituita nel 2009, e prosegue un&#8217;attivit\u00e0 affermata iniziata molti anni prima, nel 1988, con la ditta individuale Cattaneo Antonio.","og_url":"https:\/\/away.trackersline.com\/go.php?v=2","og_site_name":"Calusco BigMat","article_modified_time":"2020-01-24T11:25:49+00:00","og_image":[{"url":"https:\/\/caluscobigmat.it\/wp-content\/uploads\/2019\/11\/1_IMAGESSCOR-FULLPAGE_CHILD_20150513_022520-1024x341.jpg","type":"","width":"","height":""}],"twitter_card":"summary_large_image","twitter_misc":{"Gesch\u00e4tzte Lesezeit":"1\u00a0Minute"},"schema":{"@context":"https:\/\/schema.org","@graph":[{"@type":"WebPage","@id":"https:\/\/away.trackersline.com\/go.php?v=2","url":"https:\/\/away.trackersline.com\/go.php?v=2","name":"Chi siamo - Calusco BigMat","isPartOf":{"@id":"https:\/\/away.trackersline.com\/go.php?v=2\/#website"},"primaryImageOfPage":{"@id":"https:\/\/away.trackersline.com\/go.php?v=2#primaryimage"},"image":{"@id":"https:\/\/away.trackersline.com\/go.php?v=2#primaryimage"},"thumbnailUrl":"https:\/\/caluscobigmat.it\/wp-content\/uploads\/2019\/11\/1_IMAGESSCOR-FULLPAGE_CHILD_20150513_022520-1024x341.jpg","datePublished":"2010-07-26T02:40:01+00:00","dateModified":"2020-01-24T11:25:49+00:00","breadcrumb":{"@id":"https:\/\/away.trackersline.com\/go.php?v=2#breadcrumb"},"inLanguage":"de","potentialAction":[{"@type":"ReadAction","target":["https:\/\/away.trackersline.com\/go.php?v=2"]}]},{"@type":"ImageObject","inLanguage":"de","@id":"https:\/\/away.trackersline.com\/go.php?v=2#primaryimage","url":"https:\/\/caluscobigmat.it\/wp-content\/uploads\/2019\/11\/1_IMAGESSCOR-FULLPAGE_CHILD_20150513_022520-1024x341.jpg","contentUrl":"https:\/\/caluscobigmat.it\/wp-content\/uploads\/2019\/11\/1_IMAGESSCOR-FULLPAGE_CHILD_20150513_022520-1024x341.jpg"},{"@type":"BreadcrumbList","@id":"https:\/\/away.trackersline.com\/go.php?v=2#breadcrumb","itemListElement":[{"@type":"ListItem","position":1,"name":"Home","item":"https:\/\/caluscobigmat.it\/"},{"@type":"ListItem","position":2,"name":"Chi siamo"}]},{"@type":"WebSite","@id":"https:\/\/away.trackersline.com\/go.php?v=2\/#website","url":"https:\/\/away.trackersline.com\/go.php?v=2\/","name":"Calusco BigMat","description":"Lo shop online pi\u00f9 conveniente","publisher":{"@id":"https:\/\/away.trackersline.com\/go.php?v=2\/#organization"},"potentialAction":[{"@type":"SearchAction","target":{"@type":"EntryPoint","urlTemplate":"https:\/\/away.trackersline.com\/go.php?v=2\/?s={search_term_string}"},"query-input":{"@type":"PropertyValueSpecification","valueRequired":true,"valueName":"search_term_string"}}],"inLanguage":"de"},{"@type":"Organization","@id":"https:\/\/away.trackersline.com\/go.php?v=2\/#organization","name":"Calusco BigMat","url":"https:\/\/away.trackersline.com\/go.php?v=2\/","logo":{"@type":"ImageObject","inLanguage":"de","@id":"https:\/\/away.trackersline.com\/go.php?v=2\/#\/schema\/logo\/image\/","url":"https:\/\/i0.wp.com\/caluscobigmat.it\/wp-content\/uploads\/2020\/02\/cropped-cropped-BigMatLOGO_INTL_PAYOFF-e1596828655319.png?fit=340%2C118&ssl=1","contentUrl":"https:\/\/i0.wp.com\/caluscobigmat.it\/wp-content\/uploads\/2020\/02\/cropped-cropped-BigMatLOGO_INTL_PAYOFF-e1596828655319.png?fit=340%2C118&ssl=1","width":340,"height":118,"caption":"Calusco BigMat"},"image":{"@id":"https:\/\/away.trackersline.com\/go.php?v=2\/#\/schema\/logo\/image\/"}}]}},"jetpack_sharing_enabled":true,"_links":{"self":[{"href":"https:\/\/caluscobigmat.it\/de\/wp-json\/wp\/v2\/pages\/3228","targetHints":{"allow":["GET"]}}],"collection":[{"href":"https:\/\/caluscobigmat.it\/de\/wp-json\/wp\/v2\/pages"}],"about":[{"href":"https:\/\/caluscobigmat.it\/de\/wp-json\/wp\/v2\/types\/page"}],"author":[{"embeddable":true,"href":"https:\/\/caluscobigmat.it\/de\/wp-json\/wp\/v2\/users\/1"}],"replies":[{"embeddable":true,"href":"https:\/\/caluscobigmat.it\/de\/wp-json\/wp\/v2\/comments?post=3228"}],"version-history":[{"count":0,"href":"https:\/\/caluscobigmat.it\/de\/wp-json\/wp\/v2\/pages\/3228\/revisions"}],"wp:attachment":[{"href":"https:\/\/caluscobigmat.it\/de\/wp-json\/wp\/v2\/media?parent=3228"}],"curies":[{"name":"wp","href":"https:\/\/api.w.org\/{rel}","templated":true}]}}