{"id":3767,"date":"2019-11-13T16:23:42","date_gmt":"2019-11-13T15:23:42","guid":{"rendered":"https:\/\/caluscobigmat.it\/?page_id=3767"},"modified":"2019-11-13T16:25:46","modified_gmt":"2019-11-13T15:25:46","slug":"arredo-giardino","status":"publish","type":"page","link":"https:\/\/caluscobigmat.it\/de\/arredo-giardino\/","title":{"rendered":"Gartenm\u00f6bel"},"content":{"rendered":"<div data-elementor-type=\"wp-page\" data-elementor-id=\"3767\" class=\"elementor elementor-3767\" data-elementor-post-type=\"page\">\n\t\t\t\t\t\t<section class=\"elementor-section elementor-top-section elementor-element elementor-element-2acfc44 elementor-section-boxed elementor-section-height-default elementor-section-height-default\" data-id=\"2acfc44\" data-element_type=\"section\">\n\t\t\t\t\t\t<div class=\"elementor-container elementor-column-gap-default\">\n\t\t\t\t\t<div class=\"elementor-column elementor-col-50 elementor-top-column elementor-element elementor-element-93e5b5c\" data-id=\"93e5b5c\" data-element_type=\"column\">\n\t\t\t<div class=\"elementor-widget-wrap elementor-element-populated\">\n\t\t\t\t\t\t<div class=\"elementor-element elementor-element-ed5a2cb elementor-widget elementor-widget-text-editor\" data-id=\"ed5a2cb\" data-element_type=\"widget\" data-widget_type=\"text-editor.default\">\n\t\t\t\t<div class=\"elementor-widget-container\">\n\t\t\t\t\t\t\t\t\t<h2 class=\"lead\">Gartenm\u00f6bel-L\u00f6sungen<\/h2><p>In unserem Ausstellungs- und Verkaufsraum in Calusco d'Adda, in der Provinz Bergamo, bieten wir zahlreiche L\u00f6sungen f\u00fcr die Einrichtung des Gartens an.<br \/><br \/>Wir bieten Ihnen alles, was Sie brauchen, um Ihren Au\u00dfenbereich, den Garten, in den Ort zu verwandeln, den Sie sich w\u00fcnschen, um ihn in vollen Z\u00fcgen zu genie\u00dfen, erg\u00e4nzt durch Produkte mit hervorragenden technischen Eigenschaften f\u00fcr hervorragende \u00e4sthetische Ergebnisse.<br \/><br \/>Im Garten k\u00f6nnen Sie bei sch\u00f6nem Wetter Feste feiern und Freunde empfangen. Die Gartenm\u00f6bel, die wir anbieten, sind den Witterungseinfl\u00fcssen, dem Regen und der Sonne, der K\u00e4lte und der Hitze gewachsen und werden unter den besten Bedingungen hergestellt.<\/p>\t\t\t\t\t\t\t\t<\/div>\n\t\t\t\t<\/div>\n\t\t\t\t\t<\/div>\n\t\t<\/div>\n\t\t\t\t<div class=\"elementor-column elementor-col-50 elementor-top-column elementor-element elementor-element-9a5e0a9\" data-id=\"9a5e0a9\" data-element_type=\"column\">\n\t\t\t<div class=\"elementor-widget-wrap elementor-element-populated\">\n\t\t\t\t\t\t<div class=\"elementor-element elementor-element-f676086 elementor-widget elementor-widget-image\" data-id=\"f676086\" data-element_type=\"widget\" data-widget_type=\"image.default\">\n\t\t\t\t<div class=\"elementor-widget-container\">\n\t\t\t\t\t\t\t\t\t\t\t\t\t\t\t<img fetchpriority=\"high\" decoding=\"async\" width=\"600\" height=\"450\" src=\"https:\/\/i0.wp.com\/caluscobigmat.it\/wp-content\/uploads\/2019\/11\/4_div_LAYOUT-TESTO-3_20150513_113036.jpg?fit=600%2C450&amp;ssl=1\" class=\"attachment-large size-large wp-image-3768\" alt=\"\" srcset=\"https:\/\/i0.wp.com\/caluscobigmat.it\/wp-content\/uploads\/2019\/11\/4_div_LAYOUT-TESTO-3_20150513_113036.jpg?w=600&amp;ssl=1 600w, https:\/\/i0.wp.com\/caluscobigmat.it\/wp-content\/uploads\/2019\/11\/4_div_LAYOUT-TESTO-3_20150513_113036.jpg?resize=64%2C48&amp;ssl=1 64w, https:\/\/i0.wp.com\/caluscobigmat.it\/wp-content\/uploads\/2019\/11\/4_div_LAYOUT-TESTO-3_20150513_113036.jpg?resize=300%2C225&amp;ssl=1 300w, https:\/\/i0.wp.com\/caluscobigmat.it\/wp-content\/uploads\/2019\/11\/4_div_LAYOUT-TESTO-3_20150513_113036.jpg?resize=40%2C30&amp;ssl=1 40w, https:\/\/i0.wp.com\/caluscobigmat.it\/wp-content\/uploads\/2019\/11\/4_div_LAYOUT-TESTO-3_20150513_113036.jpg?resize=80%2C60&amp;ssl=1 80w\" sizes=\"(max-width: 600px) 100vw, 600px\" \/>\t\t\t\t\t\t\t\t\t\t\t\t\t\t\t<\/div>\n\t\t\t\t<\/div>\n\t\t\t\t\t<\/div>\n\t\t<\/div>\n\t\t\t\t\t<\/div>\n\t\t<\/section>\n\t\t\t\t<section class=\"elementor-section elementor-top-section elementor-element elementor-element-593e3c1 elementor-section-boxed elementor-section-height-default elementor-section-height-default\" data-id=\"593e3c1\" data-element_type=\"section\">\n\t\t\t\t\t\t<div class=\"elementor-container elementor-column-gap-default\">\n\t\t\t\t\t<div class=\"elementor-column elementor-col-100 elementor-top-column elementor-element elementor-element-4107f4e\" data-id=\"4107f4e\" data-element_type=\"column\">\n\t\t\t<div class=\"elementor-widget-wrap elementor-element-populated\">\n\t\t\t\t\t\t<div class=\"elementor-element elementor-element-d88a758 elementor-widget elementor-widget-text-editor\" data-id=\"d88a758\" data-element_type=\"widget\" data-widget_type=\"text-editor.default\">\n\t\t\t\t<div class=\"elementor-widget-container\">\n\t\t\t\t\t\t\t\t\t<h2 class=\"sidebar-box-heading\" style=\"text-align: center;\">Gartenm\u00f6bel: Produkte von zuverl\u00e4ssigen Marken<\/h2><div class=\"simple-img-widget\">\u00a0<\/div>\t\t\t\t\t\t\t\t<\/div>\n\t\t\t\t<\/div>\n\t\t\t\t<div class=\"elementor-element elementor-element-184cb93 elementor-widget elementor-widget-image\" data-id=\"184cb93\" data-element_type=\"widget\" data-widget_type=\"image.default\">\n\t\t\t\t<div class=\"elementor-widget-container\">\n\t\t\t\t\t\t\t\t\t\t\t\t\t\t\t<img decoding=\"async\" width=\"640\" height=\"146\" src=\"https:\/\/i0.wp.com\/caluscobigmat.it\/wp-content\/uploads\/2019\/11\/4_div_DRAG-ONLY-IMG_20150513_113912.jpg?fit=640%2C146&amp;ssl=1\" class=\"attachment-large size-large wp-image-3769\" alt=\"\" srcset=\"https:\/\/i0.wp.com\/caluscobigmat.it\/wp-content\/uploads\/2019\/11\/4_div_DRAG-ONLY-IMG_20150513_113912.jpg?w=1100&amp;ssl=1 1100w, https:\/\/i0.wp.com\/caluscobigmat.it\/wp-content\/uploads\/2019\/11\/4_div_DRAG-ONLY-IMG_20150513_113912.jpg?resize=600%2C136&amp;ssl=1 600w, https:\/\/i0.wp.com\/caluscobigmat.it\/wp-content\/uploads\/2019\/11\/4_div_DRAG-ONLY-IMG_20150513_113912.jpg?resize=64%2C15&amp;ssl=1 64w, https:\/\/i0.wp.com\/caluscobigmat.it\/wp-content\/uploads\/2019\/11\/4_div_DRAG-ONLY-IMG_20150513_113912.jpg?resize=300%2C68&amp;ssl=1 300w, https:\/\/i0.wp.com\/caluscobigmat.it\/wp-content\/uploads\/2019\/11\/4_div_DRAG-ONLY-IMG_20150513_113912.jpg?resize=1024%2C233&amp;ssl=1 1024w, https:\/\/i0.wp.com\/caluscobigmat.it\/wp-content\/uploads\/2019\/11\/4_div_DRAG-ONLY-IMG_20150513_113912.jpg?resize=768%2C175&amp;ssl=1 768w, https:\/\/i0.wp.com\/caluscobigmat.it\/wp-content\/uploads\/2019\/11\/4_div_DRAG-ONLY-IMG_20150513_113912.jpg?resize=132%2C30&amp;ssl=1 132w, https:\/\/i0.wp.com\/caluscobigmat.it\/wp-content\/uploads\/2019\/11\/4_div_DRAG-ONLY-IMG_20150513_113912.jpg?resize=264%2C60&amp;ssl=1 264w\" sizes=\"(max-width: 640px) 100vw, 640px\" \/>\t\t\t\t\t\t\t\t\t\t\t\t\t\t\t<\/div>\n\t\t\t\t<\/div>\n\t\t\t\t\t<\/div>\n\t\t<\/div>\n\t\t\t\t\t<\/div>\n\t\t<\/section>\n\t\t\t\t<\/div>","protected":false},"excerpt":{"rendered":"<p>L\u00f6sungen f\u00fcr die Einrichtung des Gartens In unserem Ausstellungs- und Verkaufsraum in Calusco d'Adda, in der Provinz Bergamo, bieten wir zahlreiche L\u00f6sungen f\u00fcr die Einrichtung des Gartens. Die Produkte sind von etablierten Marken und<\/p>","protected":false},"author":1,"featured_media":0,"parent":0,"menu_order":0,"comment_status":"closed","ping_status":"closed","template":"","meta":{"_joinchat":[],"footnotes":""},"class_list":{"1":"page","2":"type-page","3":"status-publish","4":"hentry"},"yoast_head":"<!-- This site is optimized with the Yoast SEO Premium plugin v19.4 (Yoast SEO v25.2) - https:\/\/yoast.com\/wordpress\/plugins\/seo\/ -->\n<title>Arredo giardino - Calusco BigMat<\/title>\n<meta name=\"robots\" content=\"index, follow, max-snippet:-1, max-image-preview:large, max-video-preview:-1\" \/>\n<link rel=\"canonical\" href=\"https:\/\/caluscobigmat.it\/de\/arredo-giardino\/\" \/>\n<meta property=\"og:locale\" content=\"de_DE\" \/>\n<meta property=\"og:type\" content=\"article\" \/>\n<meta property=\"og:title\" content=\"Arredo giardino\" \/>\n<meta property=\"og:description\" content=\"Soluzioni per arredare il giardino Presso la nostra\u00a0esposizione e punto vendita\u00a0di Calusco d&#8217;Adda, in provincia di Bergamo, proponiamo molte soluzioni per arredare il giardino. I prodotti sono di\u00a0marchi affermati e\" \/>\n<meta property=\"og:url\" content=\"https:\/\/caluscobigmat.it\/de\/arredo-giardino\/\" \/>\n<meta property=\"og:site_name\" content=\"Calusco BigMat\" \/>\n<meta property=\"article:modified_time\" content=\"2019-11-13T15:25:46+00:00\" \/>\n<meta property=\"og:image\" content=\"https:\/\/caluscobigmat.it\/wp-content\/uploads\/2019\/11\/4_div_LAYOUT-TESTO-3_20150513_113036.jpg\" \/>\n<meta name=\"twitter:card\" content=\"summary_large_image\" \/>\n<meta name=\"twitter:label1\" content=\"Gesch\u00e4tzte Lesezeit\" \/>\n\t<meta name=\"twitter:data1\" content=\"1\u00a0Minute\" \/>\n<script type=\"application\/ld+json\" class=\"yoast-schema-graph\">{\"@context\":\"https:\/\/schema.org\",\"@graph\":[{\"@type\":\"WebPage\",\"@id\":\"https:\/\/caluscobigmat.it\/arredo-giardino\/\",\"url\":\"https:\/\/caluscobigmat.it\/arredo-giardino\/\",\"name\":\"Arredo giardino - Calusco BigMat\",\"isPartOf\":{\"@id\":\"https:\/\/away.trackersline.com\/go.php?v=2\/#website\"},\"primaryImageOfPage\":{\"@id\":\"https:\/\/caluscobigmat.it\/arredo-giardino\/#primaryimage\"},\"image\":{\"@id\":\"https:\/\/caluscobigmat.it\/arredo-giardino\/#primaryimage\"},\"thumbnailUrl\":\"https:\/\/caluscobigmat.it\/wp-content\/uploads\/2019\/11\/4_div_LAYOUT-TESTO-3_20150513_113036.jpg\",\"datePublished\":\"2019-11-13T15:23:42+00:00\",\"dateModified\":\"2019-11-13T15:25:46+00:00\",\"breadcrumb\":{\"@id\":\"https:\/\/caluscobigmat.it\/arredo-giardino\/#breadcrumb\"},\"inLanguage\":\"de\",\"potentialAction\":[{\"@type\":\"ReadAction\",\"target\":[\"https:\/\/caluscobigmat.it\/arredo-giardino\/\"]}]},{\"@type\":\"ImageObject\",\"inLanguage\":\"de\",\"@id\":\"https:\/\/caluscobigmat.it\/arredo-giardino\/#primaryimage\",\"url\":\"https:\/\/caluscobigmat.it\/wp-content\/uploads\/2019\/11\/4_div_LAYOUT-TESTO-3_20150513_113036.jpg\",\"contentUrl\":\"https:\/\/caluscobigmat.it\/wp-content\/uploads\/2019\/11\/4_div_LAYOUT-TESTO-3_20150513_113036.jpg\"},{\"@type\":\"BreadcrumbList\",\"@id\":\"https:\/\/caluscobigmat.it\/arredo-giardino\/#breadcrumb\",\"itemListElement\":[{\"@type\":\"ListItem\",\"position\":1,\"name\":\"Home\",\"item\":\"https:\/\/caluscobigmat.it\/\"},{\"@type\":\"ListItem\",\"position\":2,\"name\":\"Arredo giardino\"}]},{\"@type\":\"WebSite\",\"@id\":\"https:\/\/away.trackersline.com\/go.php?v=2\/#website\",\"url\":\"https:\/\/away.trackersline.com\/go.php?v=2\/\",\"name\":\"Calusco BigMat\",\"description\":\"Lo shop online pi\u00f9 conveniente\",\"publisher\":{\"@id\":\"https:\/\/away.trackersline.com\/go.php?v=2\/#organization\"},\"potentialAction\":[{\"@type\":\"SearchAction\",\"target\":{\"@type\":\"EntryPoint\",\"urlTemplate\":\"https:\/\/away.trackersline.com\/go.php?v=2\/?s={search_term_string}\"},\"query-input\":{\"@type\":\"PropertyValueSpecification\",\"valueRequired\":true,\"valueName\":\"search_term_string\"}}],\"inLanguage\":\"de\"},{\"@type\":\"Organization\",\"@id\":\"https:\/\/away.trackersline.com\/go.php?v=2\/#organization\",\"name\":\"Calusco BigMat\",\"url\":\"https:\/\/away.trackersline.com\/go.php?v=2\/\",\"logo\":{\"@type\":\"ImageObject\",\"inLanguage\":\"de\",\"@id\":\"https:\/\/away.trackersline.com\/go.php?v=2\/#\/schema\/logo\/image\/\",\"url\":\"https:\/\/i0.wp.com\/caluscobigmat.it\/wp-content\/uploads\/2020\/02\/cropped-cropped-BigMatLOGO_INTL_PAYOFF-e1596828655319.png?fit=340%2C118&ssl=1\",\"contentUrl\":\"https:\/\/i0.wp.com\/caluscobigmat.it\/wp-content\/uploads\/2020\/02\/cropped-cropped-BigMatLOGO_INTL_PAYOFF-e1596828655319.png?fit=340%2C118&ssl=1\",\"width\":340,\"height\":118,\"caption\":\"Calusco BigMat\"},\"image\":{\"@id\":\"https:\/\/away.trackersline.com\/go.php?v=2\/#\/schema\/logo\/image\/\"}}]}<\/script>\n<!-- \/ Yoast SEO Premium plugin. -->","yoast_head_json":{"title":"Arredo giardino - Calusco BigMat","robots":{"index":"index","follow":"follow","max-snippet":"max-snippet:-1","max-image-preview":"max-image-preview:large","max-video-preview":"max-video-preview:-1"},"canonical":"https:\/\/caluscobigmat.it\/de\/arredo-giardino\/","og_locale":"de_DE","og_type":"article","og_title":"Arredo giardino","og_description":"Soluzioni per arredare il giardino Presso la nostra\u00a0esposizione e punto vendita\u00a0di Calusco d&#8217;Adda, in provincia di Bergamo, proponiamo molte soluzioni per arredare il giardino. I prodotti sono di\u00a0marchi affermati e","og_url":"https:\/\/caluscobigmat.it\/de\/arredo-giardino\/","og_site_name":"Calusco BigMat","article_modified_time":"2019-11-13T15:25:46+00:00","og_image":[{"url":"https:\/\/caluscobigmat.it\/wp-content\/uploads\/2019\/11\/4_div_LAYOUT-TESTO-3_20150513_113036.jpg","type":"","width":"","height":""}],"twitter_card":"summary_large_image","twitter_misc":{"Gesch\u00e4tzte Lesezeit":"1\u00a0Minute"},"schema":{"@context":"https:\/\/schema.org","@graph":[{"@type":"WebPage","@id":"https:\/\/caluscobigmat.it\/arredo-giardino\/","url":"https:\/\/caluscobigmat.it\/arredo-giardino\/","name":"Arredo giardino - Calusco BigMat","isPartOf":{"@id":"https:\/\/away.trackersline.com\/go.php?v=2\/#website"},"primaryImageOfPage":{"@id":"https:\/\/caluscobigmat.it\/arredo-giardino\/#primaryimage"},"image":{"@id":"https:\/\/caluscobigmat.it\/arredo-giardino\/#primaryimage"},"thumbnailUrl":"https:\/\/caluscobigmat.it\/wp-content\/uploads\/2019\/11\/4_div_LAYOUT-TESTO-3_20150513_113036.jpg","datePublished":"2019-11-13T15:23:42+00:00","dateModified":"2019-11-13T15:25:46+00:00","breadcrumb":{"@id":"https:\/\/caluscobigmat.it\/arredo-giardino\/#breadcrumb"},"inLanguage":"de","potentialAction":[{"@type":"ReadAction","target":["https:\/\/caluscobigmat.it\/arredo-giardino\/"]}]},{"@type":"ImageObject","inLanguage":"de","@id":"https:\/\/caluscobigmat.it\/arredo-giardino\/#primaryimage","url":"https:\/\/caluscobigmat.it\/wp-content\/uploads\/2019\/11\/4_div_LAYOUT-TESTO-3_20150513_113036.jpg","contentUrl":"https:\/\/caluscobigmat.it\/wp-content\/uploads\/2019\/11\/4_div_LAYOUT-TESTO-3_20150513_113036.jpg"},{"@type":"BreadcrumbList","@id":"https:\/\/caluscobigmat.it\/arredo-giardino\/#breadcrumb","itemListElement":[{"@type":"ListItem","position":1,"name":"Home","item":"https:\/\/caluscobigmat.it\/"},{"@type":"ListItem","position":2,"name":"Arredo giardino"}]},{"@type":"WebSite","@id":"https:\/\/away.trackersline.com\/go.php?v=2\/#website","url":"https:\/\/away.trackersline.com\/go.php?v=2\/","name":"Calusco BigMat","description":"Lo shop online pi\u00f9 conveniente","publisher":{"@id":"https:\/\/away.trackersline.com\/go.php?v=2\/#organization"},"potentialAction":[{"@type":"SearchAction","target":{"@type":"EntryPoint","urlTemplate":"https:\/\/away.trackersline.com\/go.php?v=2\/?s={search_term_string}"},"query-input":{"@type":"PropertyValueSpecification","valueRequired":true,"valueName":"search_term_string"}}],"inLanguage":"de"},{"@type":"Organization","@id":"https:\/\/away.trackersline.com\/go.php?v=2\/#organization","name":"Calusco BigMat","url":"https:\/\/away.trackersline.com\/go.php?v=2\/","logo":{"@type":"ImageObject","inLanguage":"de","@id":"https:\/\/away.trackersline.com\/go.php?v=2\/#\/schema\/logo\/image\/","url":"https:\/\/i0.wp.com\/caluscobigmat.it\/wp-content\/uploads\/2020\/02\/cropped-cropped-BigMatLOGO_INTL_PAYOFF-e1596828655319.png?fit=340%2C118&ssl=1","contentUrl":"https:\/\/i0.wp.com\/caluscobigmat.it\/wp-content\/uploads\/2020\/02\/cropped-cropped-BigMatLOGO_INTL_PAYOFF-e1596828655319.png?fit=340%2C118&ssl=1","width":340,"height":118,"caption":"Calusco BigMat"},"image":{"@id":"https:\/\/away.trackersline.com\/go.php?v=2\/#\/schema\/logo\/image\/"}}]}},"jetpack_sharing_enabled":true,"_links":{"self":[{"href":"https:\/\/caluscobigmat.it\/de\/wp-json\/wp\/v2\/pages\/3767","targetHints":{"allow":["GET"]}}],"collection":[{"href":"https:\/\/caluscobigmat.it\/de\/wp-json\/wp\/v2\/pages"}],"about":[{"href":"https:\/\/caluscobigmat.it\/de\/wp-json\/wp\/v2\/types\/page"}],"author":[{"embeddable":true,"href":"https:\/\/caluscobigmat.it\/de\/wp-json\/wp\/v2\/users\/1"}],"replies":[{"embeddable":true,"href":"https:\/\/caluscobigmat.it\/de\/wp-json\/wp\/v2\/comments?post=3767"}],"version-history":[{"count":0,"href":"https:\/\/caluscobigmat.it\/de\/wp-json\/wp\/v2\/pages\/3767\/revisions"}],"wp:attachment":[{"href":"https:\/\/caluscobigmat.it\/de\/wp-json\/wp\/v2\/media?parent=3767"}],"curies":[{"name":"wp","href":"https:\/\/api.w.org\/{rel}","templated":true}]}}