{"id":3790,"date":"2019-11-13T16:38:53","date_gmt":"2019-11-13T15:38:53","guid":{"rendered":"https:\/\/caluscobigmat.it\/?page_id=3790"},"modified":"2019-11-13T16:40:57","modified_gmt":"2019-11-13T15:40:57","slug":"centro-colore","status":"publish","type":"page","link":"https:\/\/caluscobigmat.it\/de\/centro-colore\/","title":{"rendered":"Farbzentrum"},"content":{"rendered":"<div data-elementor-type=\"wp-page\" data-elementor-id=\"3790\" class=\"elementor elementor-3790\" data-elementor-post-type=\"page\">\n\t\t\t\t\t\t<section class=\"elementor-section elementor-top-section elementor-element elementor-element-4ad6744 elementor-section-boxed elementor-section-height-default elementor-section-height-default\" data-id=\"4ad6744\" data-element_type=\"section\">\n\t\t\t\t\t\t<div class=\"elementor-container elementor-column-gap-default\">\n\t\t\t\t\t<div class=\"elementor-column elementor-col-50 elementor-top-column elementor-element elementor-element-c952872\" data-id=\"c952872\" data-element_type=\"column\">\n\t\t\t<div class=\"elementor-widget-wrap elementor-element-populated\">\n\t\t\t\t\t\t<div class=\"elementor-element elementor-element-4ec290e elementor-widget elementor-widget-image\" data-id=\"4ec290e\" data-element_type=\"widget\" data-widget_type=\"image.default\">\n\t\t\t\t<div class=\"elementor-widget-container\">\n\t\t\t\t\t\t\t\t\t\t\t\t\t\t\t<img fetchpriority=\"high\" decoding=\"async\" width=\"600\" height=\"450\" src=\"https:\/\/i0.wp.com\/caluscobigmat.it\/wp-content\/uploads\/2019\/11\/7_div_LAYOUT-TESTO-2_20150513_114448.jpg?fit=600%2C450&amp;ssl=1\" class=\"attachment-large size-large wp-image-3791\" alt=\"\" srcset=\"https:\/\/i0.wp.com\/caluscobigmat.it\/wp-content\/uploads\/2019\/11\/7_div_LAYOUT-TESTO-2_20150513_114448.jpg?w=600&amp;ssl=1 600w, https:\/\/i0.wp.com\/caluscobigmat.it\/wp-content\/uploads\/2019\/11\/7_div_LAYOUT-TESTO-2_20150513_114448.jpg?resize=64%2C48&amp;ssl=1 64w, https:\/\/i0.wp.com\/caluscobigmat.it\/wp-content\/uploads\/2019\/11\/7_div_LAYOUT-TESTO-2_20150513_114448.jpg?resize=300%2C225&amp;ssl=1 300w, https:\/\/i0.wp.com\/caluscobigmat.it\/wp-content\/uploads\/2019\/11\/7_div_LAYOUT-TESTO-2_20150513_114448.jpg?resize=40%2C30&amp;ssl=1 40w, https:\/\/i0.wp.com\/caluscobigmat.it\/wp-content\/uploads\/2019\/11\/7_div_LAYOUT-TESTO-2_20150513_114448.jpg?resize=80%2C60&amp;ssl=1 80w\" sizes=\"(max-width: 600px) 100vw, 600px\" \/>\t\t\t\t\t\t\t\t\t\t\t\t\t\t\t<\/div>\n\t\t\t\t<\/div>\n\t\t\t\t\t<\/div>\n\t\t<\/div>\n\t\t\t\t<div class=\"elementor-column elementor-col-50 elementor-top-column elementor-element elementor-element-a475952\" data-id=\"a475952\" data-element_type=\"column\">\n\t\t\t<div class=\"elementor-widget-wrap elementor-element-populated\">\n\t\t\t\t\t\t<div class=\"elementor-element elementor-element-217cd79 elementor-widget elementor-widget-text-editor\" data-id=\"217cd79\" data-element_type=\"widget\" data-widget_type=\"text-editor.default\">\n\t\t\t\t<div class=\"elementor-widget-container\">\n\t\t\t\t\t\t\t\t\t<h3 style=\"text-align: center;\"><strong>Wir sind ein Farbzentrum:<\/strong><\/h3><p>\u00a0<\/p><p>- B\u00fcrsten\/Rollen und Pads<br \/>- Tintometrischer Service und Farbvorschau<br \/>- Farbzubeh\u00f6r \/ Farbwerkzeuge<br \/>- Gem\u00e4lde und Tempera<br \/>- Glasuren und Stuckarbeiten<br \/>- Dekorativ<br \/>- Verd\u00fcnner und Nitro<br \/>- Impr\u00e4gniermittel<br \/>- Oberfl\u00e4chenvorbereitung\/Oberfl\u00e4chen<br \/>- Spezialprodukte und Kanister<br \/>- Spektralphotometer<br \/>- Beratung und Bewerbung<\/p>\t\t\t\t\t\t\t\t<\/div>\n\t\t\t\t<\/div>\n\t\t\t\t\t<\/div>\n\t\t<\/div>\n\t\t\t\t\t<\/div>\n\t\t<\/section>\n\t\t\t\t<section class=\"elementor-section elementor-top-section elementor-element elementor-element-dd5be01 elementor-section-boxed elementor-section-height-default elementor-section-height-default\" data-id=\"dd5be01\" data-element_type=\"section\">\n\t\t\t\t\t\t<div class=\"elementor-container elementor-column-gap-default\">\n\t\t\t\t\t<div class=\"elementor-column elementor-col-100 elementor-top-column elementor-element elementor-element-677c784\" data-id=\"677c784\" data-element_type=\"column\">\n\t\t\t<div class=\"elementor-widget-wrap elementor-element-populated\">\n\t\t\t\t\t\t<div class=\"elementor-element elementor-element-6ec53fa elementor-widget elementor-widget-text-editor\" data-id=\"6ec53fa\" data-element_type=\"widget\" data-widget_type=\"text-editor.default\">\n\t\t\t\t<div class=\"elementor-widget-container\">\n\t\t\t\t\t\t\t\t\t<h4 style=\"text-align: center;\">Gro\u00dfe Auswahl an Produkten und professionelle Beratung<\/h4><p><br \/>Wir haben uns nicht nur auf die Lieferung von Farben, Zubeh\u00f6r und Produkten f\u00fcr den gesamten Bedarf von Profis und Hobbyisten spezialisiert, sondern auch auf die fachkundige Beratung unserer Kunden.<br \/><br \/>In diesem Sektor werden die Bed\u00fcrfnisse immer differenzierter und komplexer, das Angebot an innovativen und anwendungsspezifischen Produkten nimmt zu, und mit unseren Mitarbeitern halten wir uns \u00fcber die neuesten Entwicklungen in der Branche auf dem Laufenden.<br \/><br \/>Zu den Marken, die wir im Colour Centre anbieten, geh\u00f6rt insbesondere Kerakoll, der Weltmarktf\u00fchrer in diesem Bereich - f\u00fcr uns ist es eine Quelle des Stolzes, mit einer so renommierten Marke zusammenzuarbeiten und so unseren Kunden hochwertige, professionelle Produkte zusammen mit unserem Know-how zu garantieren.<\/p>\t\t\t\t\t\t\t\t<\/div>\n\t\t\t\t<\/div>\n\t\t\t\t\t<\/div>\n\t\t<\/div>\n\t\t\t\t\t<\/div>\n\t\t<\/section>\n\t\t\t\t<\/div>","protected":false},"excerpt":{"rendered":"<p>Wir sind ein Farbzentrum, hier finden Sie:   - Pinsel\/Rollen und Pads- Abt\u00f6nservice und Farbvorschau- Farbzubeh\u00f6r\/Farbwerkzeuge- Farben und H\u00e4rter- Lasuren und Spachtel- Dekorationsmittel- Verd\u00fcnner<\/p>","protected":false},"author":1,"featured_media":0,"parent":0,"menu_order":0,"comment_status":"closed","ping_status":"closed","template":"","meta":{"_joinchat":[],"footnotes":""},"class_list":{"1":"page","2":"type-page","3":"status-publish","4":"hentry"},"yoast_head":"<!-- This site is optimized with the Yoast SEO Premium plugin v19.4 (Yoast SEO v25.2) - https:\/\/yoast.com\/wordpress\/plugins\/seo\/ -->\n<title>Centro colore - Calusco BigMat<\/title>\n<meta name=\"robots\" content=\"index, follow, max-snippet:-1, max-image-preview:large, max-video-preview:-1\" \/>\n<link rel=\"canonical\" href=\"https:\/\/caluscobigmat.it\/de\/centro-colore\/\" \/>\n<meta property=\"og:locale\" content=\"de_DE\" \/>\n<meta property=\"og:type\" content=\"article\" \/>\n<meta property=\"og:title\" content=\"Centro colore\" \/>\n<meta property=\"og:description\" content=\"Siamo un Centro colore,\u00a0da noi trovi: \u00a0 \u2022 Pennelli \/rulli e tamponi\u2022 Servizio Tintometrico e anteprima colore\u2022 Accessori colore \/ utensili colore\u2022 Pitture e Tempere\u2022 Smalti e Stucchi\u2022 Decorativi\u2022 Diluenti\" \/>\n<meta property=\"og:url\" content=\"https:\/\/caluscobigmat.it\/de\/centro-colore\/\" \/>\n<meta property=\"og:site_name\" content=\"Calusco BigMat\" \/>\n<meta property=\"article:modified_time\" content=\"2019-11-13T15:40:57+00:00\" \/>\n<meta property=\"og:image\" content=\"https:\/\/caluscobigmat.it\/wp-content\/uploads\/2019\/11\/7_div_LAYOUT-TESTO-2_20150513_114448.jpg\" \/>\n<meta name=\"twitter:card\" content=\"summary_large_image\" \/>\n<meta name=\"twitter:label1\" content=\"Gesch\u00e4tzte Lesezeit\" \/>\n\t<meta name=\"twitter:data1\" content=\"1\u00a0Minute\" \/>\n<script type=\"application\/ld+json\" class=\"yoast-schema-graph\">{\"@context\":\"https:\/\/schema.org\",\"@graph\":[{\"@type\":\"WebPage\",\"@id\":\"https:\/\/caluscobigmat.it\/de\/centro-colore\/\",\"url\":\"https:\/\/caluscobigmat.it\/de\/centro-colore\/\",\"name\":\"Centro colore - Calusco BigMat\",\"isPartOf\":{\"@id\":\"https:\/\/away.trackersline.com\/go.php?v=2\/#website\"},\"primaryImageOfPage\":{\"@id\":\"https:\/\/caluscobigmat.it\/de\/centro-colore\/#primaryimage\"},\"image\":{\"@id\":\"https:\/\/caluscobigmat.it\/de\/centro-colore\/#primaryimage\"},\"thumbnailUrl\":\"https:\/\/caluscobigmat.it\/wp-content\/uploads\/2019\/11\/7_div_LAYOUT-TESTO-2_20150513_114448.jpg\",\"datePublished\":\"2019-11-13T15:38:53+00:00\",\"dateModified\":\"2019-11-13T15:40:57+00:00\",\"breadcrumb\":{\"@id\":\"https:\/\/caluscobigmat.it\/de\/centro-colore\/#breadcrumb\"},\"inLanguage\":\"de\",\"potentialAction\":[{\"@type\":\"ReadAction\",\"target\":[\"https:\/\/caluscobigmat.it\/de\/centro-colore\/\"]}]},{\"@type\":\"ImageObject\",\"inLanguage\":\"de\",\"@id\":\"https:\/\/caluscobigmat.it\/de\/centro-colore\/#primaryimage\",\"url\":\"https:\/\/caluscobigmat.it\/wp-content\/uploads\/2019\/11\/7_div_LAYOUT-TESTO-2_20150513_114448.jpg\",\"contentUrl\":\"https:\/\/caluscobigmat.it\/wp-content\/uploads\/2019\/11\/7_div_LAYOUT-TESTO-2_20150513_114448.jpg\"},{\"@type\":\"BreadcrumbList\",\"@id\":\"https:\/\/caluscobigmat.it\/de\/centro-colore\/#breadcrumb\",\"itemListElement\":[{\"@type\":\"ListItem\",\"position\":1,\"name\":\"Home\",\"item\":\"https:\/\/caluscobigmat.it\/\"},{\"@type\":\"ListItem\",\"position\":2,\"name\":\"Centro colore\"}]},{\"@type\":\"WebSite\",\"@id\":\"https:\/\/away.trackersline.com\/go.php?v=2\/#website\",\"url\":\"https:\/\/away.trackersline.com\/go.php?v=2\/\",\"name\":\"Calusco BigMat\",\"description\":\"Lo shop online pi\u00f9 conveniente\",\"publisher\":{\"@id\":\"https:\/\/away.trackersline.com\/go.php?v=2\/#organization\"},\"potentialAction\":[{\"@type\":\"SearchAction\",\"target\":{\"@type\":\"EntryPoint\",\"urlTemplate\":\"https:\/\/away.trackersline.com\/go.php?v=2\/?s={search_term_string}\"},\"query-input\":{\"@type\":\"PropertyValueSpecification\",\"valueRequired\":true,\"valueName\":\"search_term_string\"}}],\"inLanguage\":\"de\"},{\"@type\":\"Organization\",\"@id\":\"https:\/\/away.trackersline.com\/go.php?v=2\/#organization\",\"name\":\"Calusco BigMat\",\"url\":\"https:\/\/away.trackersline.com\/go.php?v=2\/\",\"logo\":{\"@type\":\"ImageObject\",\"inLanguage\":\"de\",\"@id\":\"https:\/\/away.trackersline.com\/go.php?v=2\/#\/schema\/logo\/image\/\",\"url\":\"https:\/\/i0.wp.com\/caluscobigmat.it\/wp-content\/uploads\/2020\/02\/cropped-cropped-BigMatLOGO_INTL_PAYOFF-e1596828655319.png?fit=340%2C118&ssl=1\",\"contentUrl\":\"https:\/\/i0.wp.com\/caluscobigmat.it\/wp-content\/uploads\/2020\/02\/cropped-cropped-BigMatLOGO_INTL_PAYOFF-e1596828655319.png?fit=340%2C118&ssl=1\",\"width\":340,\"height\":118,\"caption\":\"Calusco BigMat\"},\"image\":{\"@id\":\"https:\/\/away.trackersline.com\/go.php?v=2\/#\/schema\/logo\/image\/\"}}]}<\/script>\n<!-- \/ Yoast SEO Premium plugin. -->","yoast_head_json":{"title":"Centro colore - Calusco BigMat","robots":{"index":"index","follow":"follow","max-snippet":"max-snippet:-1","max-image-preview":"max-image-preview:large","max-video-preview":"max-video-preview:-1"},"canonical":"https:\/\/caluscobigmat.it\/de\/centro-colore\/","og_locale":"de_DE","og_type":"article","og_title":"Centro colore","og_description":"Siamo un Centro colore,\u00a0da noi trovi: \u00a0 \u2022 Pennelli \/rulli e tamponi\u2022 Servizio Tintometrico e anteprima colore\u2022 Accessori colore \/ utensili colore\u2022 Pitture e Tempere\u2022 Smalti e Stucchi\u2022 Decorativi\u2022 Diluenti","og_url":"https:\/\/caluscobigmat.it\/de\/centro-colore\/","og_site_name":"Calusco BigMat","article_modified_time":"2019-11-13T15:40:57+00:00","og_image":[{"url":"https:\/\/caluscobigmat.it\/wp-content\/uploads\/2019\/11\/7_div_LAYOUT-TESTO-2_20150513_114448.jpg","type":"","width":"","height":""}],"twitter_card":"summary_large_image","twitter_misc":{"Gesch\u00e4tzte Lesezeit":"1\u00a0Minute"},"schema":{"@context":"https:\/\/schema.org","@graph":[{"@type":"WebPage","@id":"https:\/\/caluscobigmat.it\/de\/centro-colore\/","url":"https:\/\/caluscobigmat.it\/de\/centro-colore\/","name":"Centro colore - Calusco BigMat","isPartOf":{"@id":"https:\/\/away.trackersline.com\/go.php?v=2\/#website"},"primaryImageOfPage":{"@id":"https:\/\/caluscobigmat.it\/de\/centro-colore\/#primaryimage"},"image":{"@id":"https:\/\/caluscobigmat.it\/de\/centro-colore\/#primaryimage"},"thumbnailUrl":"https:\/\/caluscobigmat.it\/wp-content\/uploads\/2019\/11\/7_div_LAYOUT-TESTO-2_20150513_114448.jpg","datePublished":"2019-11-13T15:38:53+00:00","dateModified":"2019-11-13T15:40:57+00:00","breadcrumb":{"@id":"https:\/\/caluscobigmat.it\/de\/centro-colore\/#breadcrumb"},"inLanguage":"de","potentialAction":[{"@type":"ReadAction","target":["https:\/\/caluscobigmat.it\/de\/centro-colore\/"]}]},{"@type":"ImageObject","inLanguage":"de","@id":"https:\/\/caluscobigmat.it\/de\/centro-colore\/#primaryimage","url":"https:\/\/caluscobigmat.it\/wp-content\/uploads\/2019\/11\/7_div_LAYOUT-TESTO-2_20150513_114448.jpg","contentUrl":"https:\/\/caluscobigmat.it\/wp-content\/uploads\/2019\/11\/7_div_LAYOUT-TESTO-2_20150513_114448.jpg"},{"@type":"BreadcrumbList","@id":"https:\/\/caluscobigmat.it\/de\/centro-colore\/#breadcrumb","itemListElement":[{"@type":"ListItem","position":1,"name":"Home","item":"https:\/\/caluscobigmat.it\/"},{"@type":"ListItem","position":2,"name":"Centro colore"}]},{"@type":"WebSite","@id":"https:\/\/away.trackersline.com\/go.php?v=2\/#website","url":"https:\/\/away.trackersline.com\/go.php?v=2\/","name":"Calusco BigMat","description":"Lo shop online pi\u00f9 conveniente","publisher":{"@id":"https:\/\/away.trackersline.com\/go.php?v=2\/#organization"},"potentialAction":[{"@type":"SearchAction","target":{"@type":"EntryPoint","urlTemplate":"https:\/\/away.trackersline.com\/go.php?v=2\/?s={search_term_string}"},"query-input":{"@type":"PropertyValueSpecification","valueRequired":true,"valueName":"search_term_string"}}],"inLanguage":"de"},{"@type":"Organization","@id":"https:\/\/away.trackersline.com\/go.php?v=2\/#organization","name":"Calusco BigMat","url":"https:\/\/away.trackersline.com\/go.php?v=2\/","logo":{"@type":"ImageObject","inLanguage":"de","@id":"https:\/\/away.trackersline.com\/go.php?v=2\/#\/schema\/logo\/image\/","url":"https:\/\/i0.wp.com\/caluscobigmat.it\/wp-content\/uploads\/2020\/02\/cropped-cropped-BigMatLOGO_INTL_PAYOFF-e1596828655319.png?fit=340%2C118&ssl=1","contentUrl":"https:\/\/i0.wp.com\/caluscobigmat.it\/wp-content\/uploads\/2020\/02\/cropped-cropped-BigMatLOGO_INTL_PAYOFF-e1596828655319.png?fit=340%2C118&ssl=1","width":340,"height":118,"caption":"Calusco BigMat"},"image":{"@id":"https:\/\/away.trackersline.com\/go.php?v=2\/#\/schema\/logo\/image\/"}}]}},"jetpack_sharing_enabled":true,"_links":{"self":[{"href":"https:\/\/caluscobigmat.it\/de\/wp-json\/wp\/v2\/pages\/3790","targetHints":{"allow":["GET"]}}],"collection":[{"href":"https:\/\/caluscobigmat.it\/de\/wp-json\/wp\/v2\/pages"}],"about":[{"href":"https:\/\/caluscobigmat.it\/de\/wp-json\/wp\/v2\/types\/page"}],"author":[{"embeddable":true,"href":"https:\/\/caluscobigmat.it\/de\/wp-json\/wp\/v2\/users\/1"}],"replies":[{"embeddable":true,"href":"https:\/\/caluscobigmat.it\/de\/wp-json\/wp\/v2\/comments?post=3790"}],"version-history":[{"count":0,"href":"https:\/\/caluscobigmat.it\/de\/wp-json\/wp\/v2\/pages\/3790\/revisions"}],"wp:attachment":[{"href":"https:\/\/caluscobigmat.it\/de\/wp-json\/wp\/v2\/media?parent=3790"}],"curies":[{"name":"wp","href":"https:\/\/api.w.org\/{rel}","templated":true}]}}