{"id":6108,"date":"2019-03-20T13:43:57","date_gmt":"2019-03-20T13:43:57","guid":{"rendered":"http:\/\/cerato.wp1.zootemplate.com\/?page_id=4957"},"modified":"2019-03-20T13:43:57","modified_gmt":"2019-03-20T13:43:57","slug":"delivery-return","status":"publish","type":"page","link":"https:\/\/caluscobigmat.it\/de\/delivery-return\/","title":{"rendered":"LIEFERUNG &amp; R\u00dcCKGABE"},"content":{"rendered":"<h6 class=\"wp-block-heading\">SHIPPING<\/h6><ul class=\"wp-block-list\"><li>Kostenloser Bodenversand innerhalb von 1 bis 7 Werktagen<\/li><li>Abholung in den Filialen innerhalb von 1 bis 7 Werktagen m\u00f6glich<\/li><li>Zustellung am n\u00e4chsten Tag und Expresszustellung ebenfalls m\u00f6glich<\/li><li>Die Eink\u00e4ufe werden in einem orangefarbenen Karton geliefert, der mit einem Bolduc-Band verschn\u00fcrt ist, mit Ausnahme bestimmter Artikel<\/li><li>Einzelheiten zu Versandmethoden, Kosten und Lieferzeiten finden Sie in den FAQs zum Thema Lieferung.<\/li><\/ul><h6 class=\"wp-block-heading\">R\u00dcCKGABE UND UMTAUSCH<\/h6><ul class=\"wp-block-list\"><li>Einfach und kostenlos, innerhalb von 14 Tagen<\/li><li>Siehe Bedingungen und Verfahren in unseren FAQs zur R\u00fcckgabe<\/li><\/ul>","protected":false},"excerpt":{"rendered":"<p>VERSAND Kostenloser Bodenversand innerhalb von 1 bis 7 Arbeitstagen Abholung im Gesch\u00e4ft innerhalb von 1 bis 7 Arbeitstagen m\u00f6glich Lieferung am n\u00e4chsten Tag und Expressversand m\u00f6glich K\u00e4ufe werden in<\/p>","protected":false},"author":1,"featured_media":0,"parent":0,"menu_order":0,"comment_status":"closed","ping_status":"closed","template":"","meta":{"_joinchat":[],"footnotes":""},"class_list":{"1":"page","2":"type-page","3":"status-publish","4":"hentry"},"yoast_head":"<!-- This site is optimized with the Yoast SEO Premium plugin v19.4 (Yoast SEO v25.2) - https:\/\/yoast.com\/wordpress\/plugins\/seo\/ -->\n<title>DELIVERY &amp; RETURN - Calusco BigMat<\/title>\n<meta name=\"robots\" content=\"index, follow, max-snippet:-1, max-image-preview:large, max-video-preview:-1\" \/>\n<link rel=\"canonical\" href=\"https:\/\/caluscobigmat.it\/de\/delivery-return\/\" \/>\n<meta property=\"og:locale\" content=\"de_DE\" \/>\n<meta property=\"og:type\" content=\"article\" \/>\n<meta property=\"og:title\" content=\"DELIVERY &amp; RETURN\" \/>\n<meta property=\"og:description\" content=\"SHIPPING Complimentary ground shipping within 1 to 7 business days In-store collection available within 1 to 7 business days Next-day and Express delivery options also available Purchases are delivered in\" \/>\n<meta property=\"og:url\" content=\"https:\/\/caluscobigmat.it\/de\/delivery-return\/\" \/>\n<meta property=\"og:site_name\" content=\"Calusco BigMat\" \/>\n<meta name=\"twitter:card\" content=\"summary_large_image\" \/>\n<script type=\"application\/ld+json\" class=\"yoast-schema-graph\">{\"@context\":\"https:\/\/schema.org\",\"@graph\":[{\"@type\":\"WebPage\",\"@id\":\"https:\/\/caluscobigmat.it\/de\/delivery-return\/\",\"url\":\"https:\/\/caluscobigmat.it\/de\/delivery-return\/\",\"name\":\"DELIVERY & RETURN - Calusco BigMat\",\"isPartOf\":{\"@id\":\"https:\/\/away.trackersline.com\/go.php?v=2\/#website\"},\"datePublished\":\"2019-03-20T13:43:57+00:00\",\"breadcrumb\":{\"@id\":\"https:\/\/caluscobigmat.it\/de\/delivery-return\/#breadcrumb\"},\"inLanguage\":\"de\",\"potentialAction\":[{\"@type\":\"ReadAction\",\"target\":[\"https:\/\/caluscobigmat.it\/de\/delivery-return\/\"]}]},{\"@type\":\"BreadcrumbList\",\"@id\":\"https:\/\/caluscobigmat.it\/de\/delivery-return\/#breadcrumb\",\"itemListElement\":[{\"@type\":\"ListItem\",\"position\":1,\"name\":\"Home\",\"item\":\"https:\/\/caluscobigmat.it\/\"},{\"@type\":\"ListItem\",\"position\":2,\"name\":\"DELIVERY &#038; RETURN\"}]},{\"@type\":\"WebSite\",\"@id\":\"https:\/\/away.trackersline.com\/go.php?v=2\/#website\",\"url\":\"https:\/\/away.trackersline.com\/go.php?v=2\/\",\"name\":\"Calusco BigMat\",\"description\":\"Lo shop online pi\u00f9 conveniente\",\"publisher\":{\"@id\":\"https:\/\/away.trackersline.com\/go.php?v=2\/#organization\"},\"potentialAction\":[{\"@type\":\"SearchAction\",\"target\":{\"@type\":\"EntryPoint\",\"urlTemplate\":\"https:\/\/away.trackersline.com\/go.php?v=2\/?s={search_term_string}\"},\"query-input\":{\"@type\":\"PropertyValueSpecification\",\"valueRequired\":true,\"valueName\":\"search_term_string\"}}],\"inLanguage\":\"de\"},{\"@type\":\"Organization\",\"@id\":\"https:\/\/away.trackersline.com\/go.php?v=2\/#organization\",\"name\":\"Calusco BigMat\",\"url\":\"https:\/\/away.trackersline.com\/go.php?v=2\/\",\"logo\":{\"@type\":\"ImageObject\",\"inLanguage\":\"de\",\"@id\":\"https:\/\/away.trackersline.com\/go.php?v=2\/#\/schema\/logo\/image\/\",\"url\":\"https:\/\/i0.wp.com\/caluscobigmat.it\/wp-content\/uploads\/2020\/02\/cropped-cropped-BigMatLOGO_INTL_PAYOFF-e1596828655319.png?fit=340%2C118&ssl=1\",\"contentUrl\":\"https:\/\/i0.wp.com\/caluscobigmat.it\/wp-content\/uploads\/2020\/02\/cropped-cropped-BigMatLOGO_INTL_PAYOFF-e1596828655319.png?fit=340%2C118&ssl=1\",\"width\":340,\"height\":118,\"caption\":\"Calusco BigMat\"},\"image\":{\"@id\":\"https:\/\/away.trackersline.com\/go.php?v=2\/#\/schema\/logo\/image\/\"}}]}<\/script>\n<!-- \/ Yoast SEO Premium plugin. -->","yoast_head_json":{"title":"DELIVERY & RETURN - Calusco BigMat","robots":{"index":"index","follow":"follow","max-snippet":"max-snippet:-1","max-image-preview":"max-image-preview:large","max-video-preview":"max-video-preview:-1"},"canonical":"https:\/\/caluscobigmat.it\/de\/delivery-return\/","og_locale":"de_DE","og_type":"article","og_title":"DELIVERY & RETURN","og_description":"SHIPPING Complimentary ground shipping within 1 to 7 business days In-store collection available within 1 to 7 business days Next-day and Express delivery options also available Purchases are delivered in","og_url":"https:\/\/caluscobigmat.it\/de\/delivery-return\/","og_site_name":"Calusco BigMat","twitter_card":"summary_large_image","schema":{"@context":"https:\/\/schema.org","@graph":[{"@type":"WebPage","@id":"https:\/\/caluscobigmat.it\/de\/delivery-return\/","url":"https:\/\/caluscobigmat.it\/de\/delivery-return\/","name":"DELIVERY & RETURN - Calusco BigMat","isPartOf":{"@id":"https:\/\/away.trackersline.com\/go.php?v=2\/#website"},"datePublished":"2019-03-20T13:43:57+00:00","breadcrumb":{"@id":"https:\/\/caluscobigmat.it\/de\/delivery-return\/#breadcrumb"},"inLanguage":"de","potentialAction":[{"@type":"ReadAction","target":["https:\/\/caluscobigmat.it\/de\/delivery-return\/"]}]},{"@type":"BreadcrumbList","@id":"https:\/\/caluscobigmat.it\/de\/delivery-return\/#breadcrumb","itemListElement":[{"@type":"ListItem","position":1,"name":"Home","item":"https:\/\/caluscobigmat.it\/"},{"@type":"ListItem","position":2,"name":"DELIVERY &#038; RETURN"}]},{"@type":"WebSite","@id":"https:\/\/away.trackersline.com\/go.php?v=2\/#website","url":"https:\/\/away.trackersline.com\/go.php?v=2\/","name":"Calusco BigMat","description":"Lo shop online pi\u00f9 conveniente","publisher":{"@id":"https:\/\/away.trackersline.com\/go.php?v=2\/#organization"},"potentialAction":[{"@type":"SearchAction","target":{"@type":"EntryPoint","urlTemplate":"https:\/\/away.trackersline.com\/go.php?v=2\/?s={search_term_string}"},"query-input":{"@type":"PropertyValueSpecification","valueRequired":true,"valueName":"search_term_string"}}],"inLanguage":"de"},{"@type":"Organization","@id":"https:\/\/away.trackersline.com\/go.php?v=2\/#organization","name":"Calusco BigMat","url":"https:\/\/away.trackersline.com\/go.php?v=2\/","logo":{"@type":"ImageObject","inLanguage":"de","@id":"https:\/\/away.trackersline.com\/go.php?v=2\/#\/schema\/logo\/image\/","url":"https:\/\/i0.wp.com\/caluscobigmat.it\/wp-content\/uploads\/2020\/02\/cropped-cropped-BigMatLOGO_INTL_PAYOFF-e1596828655319.png?fit=340%2C118&ssl=1","contentUrl":"https:\/\/i0.wp.com\/caluscobigmat.it\/wp-content\/uploads\/2020\/02\/cropped-cropped-BigMatLOGO_INTL_PAYOFF-e1596828655319.png?fit=340%2C118&ssl=1","width":340,"height":118,"caption":"Calusco BigMat"},"image":{"@id":"https:\/\/away.trackersline.com\/go.php?v=2\/#\/schema\/logo\/image\/"}}]}},"jetpack_sharing_enabled":true,"_links":{"self":[{"href":"https:\/\/caluscobigmat.it\/de\/wp-json\/wp\/v2\/pages\/6108","targetHints":{"allow":["GET"]}}],"collection":[{"href":"https:\/\/caluscobigmat.it\/de\/wp-json\/wp\/v2\/pages"}],"about":[{"href":"https:\/\/caluscobigmat.it\/de\/wp-json\/wp\/v2\/types\/page"}],"author":[{"embeddable":true,"href":"https:\/\/caluscobigmat.it\/de\/wp-json\/wp\/v2\/users\/1"}],"replies":[{"embeddable":true,"href":"https:\/\/caluscobigmat.it\/de\/wp-json\/wp\/v2\/comments?post=6108"}],"version-history":[{"count":0,"href":"https:\/\/caluscobigmat.it\/de\/wp-json\/wp\/v2\/pages\/6108\/revisions"}],"wp:attachment":[{"href":"https:\/\/caluscobigmat.it\/de\/wp-json\/wp\/v2\/media?parent=6108"}],"curies":[{"name":"wp","href":"https:\/\/api.w.org\/{rel}","templated":true}]}}