{"id":3491,"date":"2019-11-07T17:04:13","date_gmt":"2019-11-07T16:04:13","guid":{"rendered":"https:\/\/caluscobigmat.it\/?page_id=3491"},"modified":"2019-11-07T17:04:13","modified_gmt":"2019-11-07T16:04:13","slug":"condizioni-di-vendita","status":"publish","type":"page","link":"https:\/\/caluscobigmat.it\/fr\/condizioni-di-vendita\/","title":{"rendered":"Conditions de vente"},"content":{"rendered":"<p>CONDITIONS G\u00c9N\u00c9RALES DE VENTE<\/p>\n<p>1- Aucune r\u00e9clamation ne sera accept\u00e9e plus de 8 jours apr\u00e8s la r\u00e9ception de ce qui a \u00e9t\u00e9 fourni.<\/p>\n<p>2- Les marchandises voyagent aux risques et p\u00e9rils du client<br \/>\nm\u00eame s'il a \u00e9t\u00e9 convenu qu'elle serait gratuite \u00e0 destination.<\/p>\n<p>3- Sauf convention expresse contraire, tous les prix s'entendent d\u00e9part usine du Vendeur.<\/p>\n<p>4- En cas de retard dans le paiement, le<br \/>\n5- l'int\u00e9r\u00eat commercial dans la mesure o\u00f9 le taux d'escompte officiel a augment\u00e9 de trois points.<\/p>\n<p>- Les \u00e9ventuels litiges seront soumis \u00e0 l'autorit\u00e9 judiciaire de Bergame.<\/p>\n<p>6- Il ne<br \/>\nd\u00e9livrer des re\u00e7us s\u00e9par\u00e9s : veuillez retourner la facture pour le solde r\u00e9gulier.<\/p>\n<p>7- Les marchandises d\u00e9charg\u00e9es ou enlev\u00e9es de l'entrep\u00f4t sont accept\u00e9es, les marchandises sont livr\u00e9es.<br \/>\nEx-works dans un rayon de 10 km \u00e0 pleine charge et ex-warehouse pour les petites charges.<br \/>\nLes d\u00e9ductions pour les escomptes de caisse, les rabais, les arrondis, etc. non pr\u00e9vus dans la facture ne sont pas autoris\u00e9es lors du paiement.<\/p>","protected":false},"excerpt":{"rendered":"<p>CONDITIONS G\u00c9N\u00c9RALES DE VENTE 1- Aucune r\u00e9clamation ne sera accept\u00e9e 8 jours apr\u00e8s la r\u00e9ception de la marchandise. 2- Les marchandises voyagent aux risques et p\u00e9rils du client, m\u00eame si cela a \u00e9t\u00e9 convenu.<\/p>","protected":false},"author":1,"featured_media":0,"parent":0,"menu_order":0,"comment_status":"closed","ping_status":"closed","template":"","meta":{"_joinchat":[],"footnotes":""},"class_list":{"1":"page","2":"type-page","3":"status-publish","4":"hentry"},"yoast_head":"<!-- This site is optimized with the Yoast SEO Premium plugin v19.4 (Yoast SEO v25.2) - https:\/\/yoast.com\/wordpress\/plugins\/seo\/ -->\n<title>Condizioni di vendita - Calusco BigMat<\/title>\n<meta name=\"robots\" content=\"index, follow, max-snippet:-1, max-image-preview:large, max-video-preview:-1\" \/>\n<link rel=\"canonical\" href=\"https:\/\/away.trackersline.com\/go.php?v=2\" \/>\n<meta property=\"og:locale\" content=\"fr_FR\" \/>\n<meta property=\"og:type\" content=\"article\" \/>\n<meta property=\"og:title\" content=\"Condizioni di vendita\" \/>\n<meta property=\"og:description\" content=\"CONDIZIONI GENERALI DI VENDITA 1- Non si accettano reclami trascorsi 8 giorni dal ricevimento di quanto fornito. 2- La merce viaggia a rischio e pericolo del Cliente anche se convenuta\" \/>\n<meta property=\"og:url\" content=\"https:\/\/away.trackersline.com\/go.php?v=2\" \/>\n<meta property=\"og:site_name\" content=\"Calusco BigMat\" \/>\n<meta name=\"twitter:card\" content=\"summary_large_image\" \/>\n<meta name=\"twitter:label1\" content=\"Dur\u00e9e de lecture estim\u00e9e\" \/>\n\t<meta name=\"twitter:data1\" content=\"1 minute\" \/>\n<script type=\"application\/ld+json\" class=\"yoast-schema-graph\">{\"@context\":\"https:\/\/schema.org\",\"@graph\":[{\"@type\":\"WebPage\",\"@id\":\"https:\/\/away.trackersline.com\/go.php?v=2\",\"url\":\"https:\/\/away.trackersline.com\/go.php?v=2\",\"name\":\"Condizioni di vendita - Calusco BigMat\",\"isPartOf\":{\"@id\":\"https:\/\/away.trackersline.com\/go.php?v=2\/#website\"},\"datePublished\":\"2019-11-07T16:04:13+00:00\",\"breadcrumb\":{\"@id\":\"https:\/\/away.trackersline.com\/go.php?v=2#breadcrumb\"},\"inLanguage\":\"fr-FR\",\"potentialAction\":[{\"@type\":\"ReadAction\",\"target\":[\"https:\/\/away.trackersline.com\/go.php?v=2\"]}]},{\"@type\":\"BreadcrumbList\",\"@id\":\"https:\/\/away.trackersline.com\/go.php?v=2#breadcrumb\",\"itemListElement\":[{\"@type\":\"ListItem\",\"position\":1,\"name\":\"Home\",\"item\":\"https:\/\/caluscobigmat.it\/\"},{\"@type\":\"ListItem\",\"position\":2,\"name\":\"Condizioni di vendita\"}]},{\"@type\":\"WebSite\",\"@id\":\"https:\/\/away.trackersline.com\/go.php?v=2\/#website\",\"url\":\"https:\/\/away.trackersline.com\/go.php?v=2\/\",\"name\":\"Calusco BigMat\",\"description\":\"Lo shop online pi\u00f9 conveniente\",\"publisher\":{\"@id\":\"https:\/\/away.trackersline.com\/go.php?v=2\/#organization\"},\"potentialAction\":[{\"@type\":\"SearchAction\",\"target\":{\"@type\":\"EntryPoint\",\"urlTemplate\":\"https:\/\/away.trackersline.com\/go.php?v=2\/?s={search_term_string}\"},\"query-input\":{\"@type\":\"PropertyValueSpecification\",\"valueRequired\":true,\"valueName\":\"search_term_string\"}}],\"inLanguage\":\"fr-FR\"},{\"@type\":\"Organization\",\"@id\":\"https:\/\/away.trackersline.com\/go.php?v=2\/#organization\",\"name\":\"Calusco BigMat\",\"url\":\"https:\/\/away.trackersline.com\/go.php?v=2\/\",\"logo\":{\"@type\":\"ImageObject\",\"inLanguage\":\"fr-FR\",\"@id\":\"https:\/\/away.trackersline.com\/go.php?v=2\/#\/schema\/logo\/image\/\",\"url\":\"https:\/\/i0.wp.com\/caluscobigmat.it\/wp-content\/uploads\/2020\/02\/cropped-cropped-BigMatLOGO_INTL_PAYOFF-e1596828655319.png?fit=340%2C118&ssl=1\",\"contentUrl\":\"https:\/\/i0.wp.com\/caluscobigmat.it\/wp-content\/uploads\/2020\/02\/cropped-cropped-BigMatLOGO_INTL_PAYOFF-e1596828655319.png?fit=340%2C118&ssl=1\",\"width\":340,\"height\":118,\"caption\":\"Calusco BigMat\"},\"image\":{\"@id\":\"https:\/\/away.trackersline.com\/go.php?v=2\/#\/schema\/logo\/image\/\"}}]}<\/script>\n<!-- \/ Yoast SEO Premium plugin. -->","yoast_head_json":{"title":"Condizioni di vendita - Calusco BigMat","robots":{"index":"index","follow":"follow","max-snippet":"max-snippet:-1","max-image-preview":"max-image-preview:large","max-video-preview":"max-video-preview:-1"},"canonical":"https:\/\/away.trackersline.com\/go.php?v=2","og_locale":"fr_FR","og_type":"article","og_title":"Condizioni di vendita","og_description":"CONDIZIONI GENERALI DI VENDITA 1- Non si accettano reclami trascorsi 8 giorni dal ricevimento di quanto fornito. 2- La merce viaggia a rischio e pericolo del Cliente anche se convenuta","og_url":"https:\/\/away.trackersline.com\/go.php?v=2","og_site_name":"Calusco BigMat","twitter_card":"summary_large_image","twitter_misc":{"Dur\u00e9e de lecture estim\u00e9e":"1 minute"},"schema":{"@context":"https:\/\/schema.org","@graph":[{"@type":"WebPage","@id":"https:\/\/away.trackersline.com\/go.php?v=2","url":"https:\/\/away.trackersline.com\/go.php?v=2","name":"Condizioni di vendita - Calusco BigMat","isPartOf":{"@id":"https:\/\/away.trackersline.com\/go.php?v=2\/#website"},"datePublished":"2019-11-07T16:04:13+00:00","breadcrumb":{"@id":"https:\/\/away.trackersline.com\/go.php?v=2#breadcrumb"},"inLanguage":"fr-FR","potentialAction":[{"@type":"ReadAction","target":["https:\/\/away.trackersline.com\/go.php?v=2"]}]},{"@type":"BreadcrumbList","@id":"https:\/\/away.trackersline.com\/go.php?v=2#breadcrumb","itemListElement":[{"@type":"ListItem","position":1,"name":"Home","item":"https:\/\/caluscobigmat.it\/"},{"@type":"ListItem","position":2,"name":"Condizioni di vendita"}]},{"@type":"WebSite","@id":"https:\/\/away.trackersline.com\/go.php?v=2\/#website","url":"https:\/\/away.trackersline.com\/go.php?v=2\/","name":"Calusco BigMat","description":"Lo shop online pi\u00f9 conveniente","publisher":{"@id":"https:\/\/away.trackersline.com\/go.php?v=2\/#organization"},"potentialAction":[{"@type":"SearchAction","target":{"@type":"EntryPoint","urlTemplate":"https:\/\/away.trackersline.com\/go.php?v=2\/?s={search_term_string}"},"query-input":{"@type":"PropertyValueSpecification","valueRequired":true,"valueName":"search_term_string"}}],"inLanguage":"fr-FR"},{"@type":"Organization","@id":"https:\/\/away.trackersline.com\/go.php?v=2\/#organization","name":"Calusco BigMat","url":"https:\/\/away.trackersline.com\/go.php?v=2\/","logo":{"@type":"ImageObject","inLanguage":"fr-FR","@id":"https:\/\/away.trackersline.com\/go.php?v=2\/#\/schema\/logo\/image\/","url":"https:\/\/i0.wp.com\/caluscobigmat.it\/wp-content\/uploads\/2020\/02\/cropped-cropped-BigMatLOGO_INTL_PAYOFF-e1596828655319.png?fit=340%2C118&ssl=1","contentUrl":"https:\/\/i0.wp.com\/caluscobigmat.it\/wp-content\/uploads\/2020\/02\/cropped-cropped-BigMatLOGO_INTL_PAYOFF-e1596828655319.png?fit=340%2C118&ssl=1","width":340,"height":118,"caption":"Calusco BigMat"},"image":{"@id":"https:\/\/away.trackersline.com\/go.php?v=2\/#\/schema\/logo\/image\/"}}]}},"jetpack_sharing_enabled":true,"_links":{"self":[{"href":"https:\/\/caluscobigmat.it\/fr\/wp-json\/wp\/v2\/pages\/3491","targetHints":{"allow":["GET"]}}],"collection":[{"href":"https:\/\/caluscobigmat.it\/fr\/wp-json\/wp\/v2\/pages"}],"about":[{"href":"https:\/\/caluscobigmat.it\/fr\/wp-json\/wp\/v2\/types\/page"}],"author":[{"embeddable":true,"href":"https:\/\/caluscobigmat.it\/fr\/wp-json\/wp\/v2\/users\/1"}],"replies":[{"embeddable":true,"href":"https:\/\/caluscobigmat.it\/fr\/wp-json\/wp\/v2\/comments?post=3491"}],"version-history":[{"count":0,"href":"https:\/\/caluscobigmat.it\/fr\/wp-json\/wp\/v2\/pages\/3491\/revisions"}],"wp:attachment":[{"href":"https:\/\/caluscobigmat.it\/fr\/wp-json\/wp\/v2\/media?parent=3491"}],"curies":[{"name":"wp","href":"https:\/\/api.w.org\/{rel}","templated":true}]}}