{"id":3762,"date":"2019-11-13T16:19:43","date_gmt":"2019-11-13T15:19:43","guid":{"rendered":"https:\/\/caluscobigmat.it\/?page_id=3762"},"modified":"2019-11-13T16:23:03","modified_gmt":"2019-11-13T15:23:03","slug":"materiali-per-ledilizia","status":"publish","type":"page","link":"https:\/\/caluscobigmat.it\/fr\/materiali-per-ledilizia\/","title":{"rendered":"Mat\u00e9riaux de construction"},"content":{"rendered":"<div data-elementor-type=\"wp-page\" data-elementor-id=\"3762\" class=\"elementor elementor-3762\" data-elementor-post-type=\"page\">\n\t\t\t\t\t\t<section class=\"elementor-section elementor-top-section elementor-element elementor-element-1baacde elementor-section-boxed elementor-section-height-default elementor-section-height-default\" data-id=\"1baacde\" data-element_type=\"section\">\n\t\t\t\t\t\t<div class=\"elementor-container elementor-column-gap-default\">\n\t\t\t\t\t<div class=\"elementor-column elementor-col-50 elementor-top-column elementor-element elementor-element-0d3aee0\" data-id=\"0d3aee0\" data-element_type=\"column\">\n\t\t\t<div class=\"elementor-widget-wrap elementor-element-populated\">\n\t\t\t\t\t\t<div class=\"elementor-element elementor-element-7c397d0 elementor-widget elementor-widget-text-editor\" data-id=\"7c397d0\" data-element_type=\"widget\" data-widget_type=\"text-editor.default\">\n\t\t\t\t<div class=\"elementor-widget-container\">\n\t\t\t\t\t\t\t\t\t<p>Nous sommes reconnus comme des professionnels exp\u00e9riment\u00e9s dans le secteur de la construction, nous avons des produits de marques s\u00e9lectionn\u00e9es et tout ce dont vous pouvez avoir besoin pour la construction\/r\u00e9novation de votre maison.<br \/><br \/>Quelques exemples de ce que vous pouvez trouver dans notre magasin de Calusco D'Adda (Bergame) : enduits et produits connexes, \u00e9tanch\u00e9it\u00e9, colles, mastics, armatures pour b\u00e9ton arm\u00e9, mat\u00e9riel de chantier, filets de chantier, b\u00e9ton pr\u00eat \u00e0 l'emploi, plaques de pl\u00e2tre, faux plafonds, syst\u00e8mes de cloisons s\u00e8ches, tous types de ciment, conduits de fum\u00e9e, couvertures, dalles, toitures, goutti\u00e8res, fibres et tissus techniques, syst\u00e8mes d'eau, tuyaux et raccords, agr\u00e9gats (y compris agr\u00e9gats l\u00e9gers pour b\u00e9ton), isolation, bois de construction, lignes de vie, mortiers, chapes et fondations, briques et ...<br \/><br \/>Nous ne nous occupons pas seulement de l'approvisionnement, notre personnel est toujours au courant des derni\u00e8res nouvelles du march\u00e9 et peut conseiller le client sur son choix, avec comp\u00e9tence, professionnalisme et courtoisie. Nous sommes \u00e0 votre disposition pour des inspections gratuites avec mesure sur place et autres services.<br \/>Des devis gratuits, clairs et abordables.<\/p>\t\t\t\t\t\t\t\t<\/div>\n\t\t\t\t<\/div>\n\t\t\t\t\t<\/div>\n\t\t<\/div>\n\t\t\t\t<div class=\"elementor-column elementor-col-50 elementor-top-column elementor-element elementor-element-e13a265\" data-id=\"e13a265\" data-element_type=\"column\">\n\t\t\t<div class=\"elementor-widget-wrap elementor-element-populated\">\n\t\t\t\t\t\t<div class=\"elementor-element elementor-element-896039d elementor-widget elementor-widget-image\" data-id=\"896039d\" data-element_type=\"widget\" data-widget_type=\"image.default\">\n\t\t\t\t<div class=\"elementor-widget-container\">\n\t\t\t\t\t\t\t\t\t\t\t\t\t\t\t<img fetchpriority=\"high\" decoding=\"async\" width=\"600\" height=\"400\" src=\"https:\/\/i0.wp.com\/caluscobigmat.it\/wp-content\/uploads\/2019\/11\/3_div_LAYOUT-TESTO-3_20150513_120700.jpg?fit=600%2C400&amp;ssl=1\" class=\"attachment-large size-large wp-image-3763\" alt=\"\" srcset=\"https:\/\/i0.wp.com\/caluscobigmat.it\/wp-content\/uploads\/2019\/11\/3_div_LAYOUT-TESTO-3_20150513_120700.jpg?w=600&amp;ssl=1 600w, https:\/\/i0.wp.com\/caluscobigmat.it\/wp-content\/uploads\/2019\/11\/3_div_LAYOUT-TESTO-3_20150513_120700.jpg?resize=64%2C43&amp;ssl=1 64w, https:\/\/i0.wp.com\/caluscobigmat.it\/wp-content\/uploads\/2019\/11\/3_div_LAYOUT-TESTO-3_20150513_120700.jpg?resize=300%2C200&amp;ssl=1 300w, https:\/\/i0.wp.com\/caluscobigmat.it\/wp-content\/uploads\/2019\/11\/3_div_LAYOUT-TESTO-3_20150513_120700.jpg?resize=45%2C30&amp;ssl=1 45w, https:\/\/i0.wp.com\/caluscobigmat.it\/wp-content\/uploads\/2019\/11\/3_div_LAYOUT-TESTO-3_20150513_120700.jpg?resize=90%2C60&amp;ssl=1 90w\" sizes=\"(max-width: 600px) 100vw, 600px\" \/>\t\t\t\t\t\t\t\t\t\t\t\t\t\t\t<\/div>\n\t\t\t\t<\/div>\n\t\t\t\t\t<\/div>\n\t\t<\/div>\n\t\t\t\t\t<\/div>\n\t\t<\/section>\n\t\t\t\t<section class=\"elementor-section elementor-top-section elementor-element elementor-element-e387cf2 elementor-section-boxed elementor-section-height-default elementor-section-height-default\" data-id=\"e387cf2\" data-element_type=\"section\">\n\t\t\t\t\t\t<div class=\"elementor-container elementor-column-gap-default\">\n\t\t\t\t\t<div class=\"elementor-column elementor-col-50 elementor-top-column elementor-element elementor-element-bbf39fa\" data-id=\"bbf39fa\" data-element_type=\"column\">\n\t\t\t<div class=\"elementor-widget-wrap elementor-element-populated\">\n\t\t\t\t\t\t<div class=\"elementor-element elementor-element-f465aa8 elementor-widget elementor-widget-image\" data-id=\"f465aa8\" data-element_type=\"widget\" data-widget_type=\"image.default\">\n\t\t\t\t<div class=\"elementor-widget-container\">\n\t\t\t\t\t\t\t\t\t\t\t\t\t\t\t<img decoding=\"async\" width=\"640\" height=\"284\" src=\"https:\/\/i0.wp.com\/caluscobigmat.it\/wp-content\/uploads\/2019\/11\/3_div_DRAG-ONLY-IMG_20150513_121509.jpg?fit=640%2C284&amp;ssl=1\" class=\"attachment-large size-large wp-image-3764\" alt=\"\" srcset=\"https:\/\/i0.wp.com\/caluscobigmat.it\/wp-content\/uploads\/2019\/11\/3_div_DRAG-ONLY-IMG_20150513_121509.jpg?w=900&amp;ssl=1 900w, https:\/\/i0.wp.com\/caluscobigmat.it\/wp-content\/uploads\/2019\/11\/3_div_DRAG-ONLY-IMG_20150513_121509.jpg?resize=600%2C267&amp;ssl=1 600w, https:\/\/i0.wp.com\/caluscobigmat.it\/wp-content\/uploads\/2019\/11\/3_div_DRAG-ONLY-IMG_20150513_121509.jpg?resize=64%2C28&amp;ssl=1 64w, https:\/\/i0.wp.com\/caluscobigmat.it\/wp-content\/uploads\/2019\/11\/3_div_DRAG-ONLY-IMG_20150513_121509.jpg?resize=300%2C133&amp;ssl=1 300w, https:\/\/i0.wp.com\/caluscobigmat.it\/wp-content\/uploads\/2019\/11\/3_div_DRAG-ONLY-IMG_20150513_121509.jpg?resize=768%2C341&amp;ssl=1 768w, https:\/\/i0.wp.com\/caluscobigmat.it\/wp-content\/uploads\/2019\/11\/3_div_DRAG-ONLY-IMG_20150513_121509.jpg?resize=68%2C30&amp;ssl=1 68w, https:\/\/i0.wp.com\/caluscobigmat.it\/wp-content\/uploads\/2019\/11\/3_div_DRAG-ONLY-IMG_20150513_121509.jpg?resize=135%2C60&amp;ssl=1 135w\" sizes=\"(max-width: 640px) 100vw, 640px\" \/>\t\t\t\t\t\t\t\t\t\t\t\t\t\t\t<\/div>\n\t\t\t\t<\/div>\n\t\t\t\t\t<\/div>\n\t\t<\/div>\n\t\t\t\t<div class=\"elementor-column elementor-col-50 elementor-top-column elementor-element elementor-element-cc5e58b\" data-id=\"cc5e58b\" data-element_type=\"column\">\n\t\t\t<div class=\"elementor-widget-wrap elementor-element-populated\">\n\t\t\t\t\t\t<div class=\"elementor-element elementor-element-56daa6f elementor-widget elementor-widget-text-editor\" data-id=\"56daa6f\" data-element_type=\"widget\" data-widget_type=\"text-editor.default\">\n\t\t\t\t<div class=\"elementor-widget-container\">\n\t\t\t\t\t\t\t\t\t<h3 style=\"text-align: left;\">Nos partenaires<\/h3><ul><li style=\"text-align: left;\"><a style=\"font-size: 16px;\" href=\"http:\/\/www.mapei.it\/\" target=\"_blank\" rel=\"nofollow,noindex noopener\">MAPEI<\/a><\/li><li><a href=\"http:\/\/www.e-weber.it\/\" target=\"_blank\" rel=\"nofollow,noindex noopener\">WEBER<\/a><\/li><li><a href=\"http:\/\/www.kerakoll.com\/\" target=\"_blank\" rel=\"nofollow,noindex noopener\">KERAKOLL<\/a><\/li><li><a href=\"http:\/\/www.progressprofiles.it\/\" target=\"_blank\" rel=\"nofollow,noindex noopener\">PROFILS DE PROGRESSION<\/a><\/li><li><a href=\"http:\/\/www.grascalce.it\/\" target=\"_blank\" rel=\"nofollow,noindex noopener\">LIME GRAS<\/a><\/li><li><a href=\"http:\/\/www.fassabortolo.com\/\" target=\"_blank\" rel=\"nofollow,noindex noopener\">FASSA BORTOLO<\/a><\/li><\/ul>\t\t\t\t\t\t\t\t<\/div>\n\t\t\t\t<\/div>\n\t\t\t\t\t<\/div>\n\t\t<\/div>\n\t\t\t\t\t<\/div>\n\t\t<\/section>\n\t\t\t\t<\/div>","protected":false},"excerpt":{"rendered":"<p>Nous sommes reconnus comme des professionnels exp\u00e9riment\u00e9s dans le secteur de la construction, nous avons des produits de marques s\u00e9lectionn\u00e9es et tout ce dont vous pouvez avoir besoin pour la construction\/r\u00e9novation de votre maison. Voici quelques exemples de ce que vous trouverez dans la section<\/p>","protected":false},"author":1,"featured_media":0,"parent":0,"menu_order":0,"comment_status":"closed","ping_status":"closed","template":"","meta":{"_joinchat":[],"footnotes":""},"class_list":{"1":"page","2":"type-page","3":"status-publish","4":"hentry"},"yoast_head":"<!-- This site is optimized with the Yoast SEO Premium plugin v19.4 (Yoast SEO v25.2) - https:\/\/yoast.com\/wordpress\/plugins\/seo\/ -->\n<title>Materiali per l&#039;edilizia - Calusco BigMat<\/title>\n<meta name=\"robots\" content=\"index, follow, max-snippet:-1, max-image-preview:large, max-video-preview:-1\" \/>\n<link rel=\"canonical\" href=\"https:\/\/caluscobigmat.it\/fr\/materiali-per-ledilizia\/\" \/>\n<meta property=\"og:locale\" content=\"fr_FR\" \/>\n<meta property=\"og:type\" content=\"article\" \/>\n<meta property=\"og:title\" content=\"Materiali per l&#039;edilizia\" \/>\n<meta property=\"og:description\" content=\"Siamo riconosciuti come professionisti\u00a0esperti per il settore dell&#8217;edilizia, abbiamo prodotti di marchi scelti e tutto quello che pu\u00f2 servire per la costruzione\/ristrutturazione della casa. Qualche esempio di quello che trovi\u00a0nel\" \/>\n<meta property=\"og:url\" content=\"https:\/\/caluscobigmat.it\/fr\/materiali-per-ledilizia\/\" \/>\n<meta property=\"og:site_name\" content=\"Calusco BigMat\" \/>\n<meta property=\"article:modified_time\" content=\"2019-11-13T15:23:03+00:00\" \/>\n<meta property=\"og:image\" content=\"https:\/\/caluscobigmat.it\/wp-content\/uploads\/2019\/11\/3_div_LAYOUT-TESTO-3_20150513_120700.jpg\" \/>\n<meta name=\"twitter:card\" content=\"summary_large_image\" \/>\n<meta name=\"twitter:label1\" content=\"Dur\u00e9e de lecture estim\u00e9e\" \/>\n\t<meta name=\"twitter:data1\" content=\"1 minute\" \/>\n<script type=\"application\/ld+json\" class=\"yoast-schema-graph\">{\"@context\":\"https:\/\/schema.org\",\"@graph\":[{\"@type\":\"WebPage\",\"@id\":\"https:\/\/caluscobigmat.it\/fr\/materiali-per-ledilizia\/\",\"url\":\"https:\/\/caluscobigmat.it\/fr\/materiali-per-ledilizia\/\",\"name\":\"Materiali per l'edilizia - Calusco BigMat\",\"isPartOf\":{\"@id\":\"https:\/\/away.trackersline.com\/go.php?v=2\/#website\"},\"primaryImageOfPage\":{\"@id\":\"https:\/\/caluscobigmat.it\/fr\/materiali-per-ledilizia\/#primaryimage\"},\"image\":{\"@id\":\"https:\/\/caluscobigmat.it\/fr\/materiali-per-ledilizia\/#primaryimage\"},\"thumbnailUrl\":\"https:\/\/caluscobigmat.it\/wp-content\/uploads\/2019\/11\/3_div_LAYOUT-TESTO-3_20150513_120700.jpg\",\"datePublished\":\"2019-11-13T15:19:43+00:00\",\"dateModified\":\"2019-11-13T15:23:03+00:00\",\"breadcrumb\":{\"@id\":\"https:\/\/caluscobigmat.it\/fr\/materiali-per-ledilizia\/#breadcrumb\"},\"inLanguage\":\"fr-FR\",\"potentialAction\":[{\"@type\":\"ReadAction\",\"target\":[\"https:\/\/caluscobigmat.it\/fr\/materiali-per-ledilizia\/\"]}]},{\"@type\":\"ImageObject\",\"inLanguage\":\"fr-FR\",\"@id\":\"https:\/\/caluscobigmat.it\/fr\/materiali-per-ledilizia\/#primaryimage\",\"url\":\"https:\/\/caluscobigmat.it\/wp-content\/uploads\/2019\/11\/3_div_LAYOUT-TESTO-3_20150513_120700.jpg\",\"contentUrl\":\"https:\/\/caluscobigmat.it\/wp-content\/uploads\/2019\/11\/3_div_LAYOUT-TESTO-3_20150513_120700.jpg\"},{\"@type\":\"BreadcrumbList\",\"@id\":\"https:\/\/caluscobigmat.it\/fr\/materiali-per-ledilizia\/#breadcrumb\",\"itemListElement\":[{\"@type\":\"ListItem\",\"position\":1,\"name\":\"Home\",\"item\":\"https:\/\/caluscobigmat.it\/\"},{\"@type\":\"ListItem\",\"position\":2,\"name\":\"Materiali per l&#8217;edilizia\"}]},{\"@type\":\"WebSite\",\"@id\":\"https:\/\/away.trackersline.com\/go.php?v=2\/#website\",\"url\":\"https:\/\/away.trackersline.com\/go.php?v=2\/\",\"name\":\"Calusco BigMat\",\"description\":\"Lo shop online pi\u00f9 conveniente\",\"publisher\":{\"@id\":\"https:\/\/away.trackersline.com\/go.php?v=2\/#organization\"},\"potentialAction\":[{\"@type\":\"SearchAction\",\"target\":{\"@type\":\"EntryPoint\",\"urlTemplate\":\"https:\/\/away.trackersline.com\/go.php?v=2\/?s={search_term_string}\"},\"query-input\":{\"@type\":\"PropertyValueSpecification\",\"valueRequired\":true,\"valueName\":\"search_term_string\"}}],\"inLanguage\":\"fr-FR\"},{\"@type\":\"Organization\",\"@id\":\"https:\/\/away.trackersline.com\/go.php?v=2\/#organization\",\"name\":\"Calusco BigMat\",\"url\":\"https:\/\/away.trackersline.com\/go.php?v=2\/\",\"logo\":{\"@type\":\"ImageObject\",\"inLanguage\":\"fr-FR\",\"@id\":\"https:\/\/away.trackersline.com\/go.php?v=2\/#\/schema\/logo\/image\/\",\"url\":\"https:\/\/i0.wp.com\/caluscobigmat.it\/wp-content\/uploads\/2020\/02\/cropped-cropped-BigMatLOGO_INTL_PAYOFF-e1596828655319.png?fit=340%2C118&ssl=1\",\"contentUrl\":\"https:\/\/i0.wp.com\/caluscobigmat.it\/wp-content\/uploads\/2020\/02\/cropped-cropped-BigMatLOGO_INTL_PAYOFF-e1596828655319.png?fit=340%2C118&ssl=1\",\"width\":340,\"height\":118,\"caption\":\"Calusco BigMat\"},\"image\":{\"@id\":\"https:\/\/away.trackersline.com\/go.php?v=2\/#\/schema\/logo\/image\/\"}}]}<\/script>\n<!-- \/ Yoast SEO Premium plugin. -->","yoast_head_json":{"title":"Materiali per l'edilizia - Calusco BigMat","robots":{"index":"index","follow":"follow","max-snippet":"max-snippet:-1","max-image-preview":"max-image-preview:large","max-video-preview":"max-video-preview:-1"},"canonical":"https:\/\/caluscobigmat.it\/fr\/materiali-per-ledilizia\/","og_locale":"fr_FR","og_type":"article","og_title":"Materiali per l'edilizia","og_description":"Siamo riconosciuti come professionisti\u00a0esperti per il settore dell&#8217;edilizia, abbiamo prodotti di marchi scelti e tutto quello che pu\u00f2 servire per la costruzione\/ristrutturazione della casa. Qualche esempio di quello che trovi\u00a0nel","og_url":"https:\/\/caluscobigmat.it\/fr\/materiali-per-ledilizia\/","og_site_name":"Calusco BigMat","article_modified_time":"2019-11-13T15:23:03+00:00","og_image":[{"url":"https:\/\/caluscobigmat.it\/wp-content\/uploads\/2019\/11\/3_div_LAYOUT-TESTO-3_20150513_120700.jpg","type":"","width":"","height":""}],"twitter_card":"summary_large_image","twitter_misc":{"Dur\u00e9e de lecture estim\u00e9e":"1 minute"},"schema":{"@context":"https:\/\/schema.org","@graph":[{"@type":"WebPage","@id":"https:\/\/caluscobigmat.it\/fr\/materiali-per-ledilizia\/","url":"https:\/\/caluscobigmat.it\/fr\/materiali-per-ledilizia\/","name":"Materiali per l'edilizia - Calusco BigMat","isPartOf":{"@id":"https:\/\/away.trackersline.com\/go.php?v=2\/#website"},"primaryImageOfPage":{"@id":"https:\/\/caluscobigmat.it\/fr\/materiali-per-ledilizia\/#primaryimage"},"image":{"@id":"https:\/\/caluscobigmat.it\/fr\/materiali-per-ledilizia\/#primaryimage"},"thumbnailUrl":"https:\/\/caluscobigmat.it\/wp-content\/uploads\/2019\/11\/3_div_LAYOUT-TESTO-3_20150513_120700.jpg","datePublished":"2019-11-13T15:19:43+00:00","dateModified":"2019-11-13T15:23:03+00:00","breadcrumb":{"@id":"https:\/\/caluscobigmat.it\/fr\/materiali-per-ledilizia\/#breadcrumb"},"inLanguage":"fr-FR","potentialAction":[{"@type":"ReadAction","target":["https:\/\/caluscobigmat.it\/fr\/materiali-per-ledilizia\/"]}]},{"@type":"ImageObject","inLanguage":"fr-FR","@id":"https:\/\/caluscobigmat.it\/fr\/materiali-per-ledilizia\/#primaryimage","url":"https:\/\/caluscobigmat.it\/wp-content\/uploads\/2019\/11\/3_div_LAYOUT-TESTO-3_20150513_120700.jpg","contentUrl":"https:\/\/caluscobigmat.it\/wp-content\/uploads\/2019\/11\/3_div_LAYOUT-TESTO-3_20150513_120700.jpg"},{"@type":"BreadcrumbList","@id":"https:\/\/caluscobigmat.it\/fr\/materiali-per-ledilizia\/#breadcrumb","itemListElement":[{"@type":"ListItem","position":1,"name":"Home","item":"https:\/\/caluscobigmat.it\/"},{"@type":"ListItem","position":2,"name":"Materiali per l&#8217;edilizia"}]},{"@type":"WebSite","@id":"https:\/\/away.trackersline.com\/go.php?v=2\/#website","url":"https:\/\/away.trackersline.com\/go.php?v=2\/","name":"Calusco BigMat","description":"Lo shop online pi\u00f9 conveniente","publisher":{"@id":"https:\/\/away.trackersline.com\/go.php?v=2\/#organization"},"potentialAction":[{"@type":"SearchAction","target":{"@type":"EntryPoint","urlTemplate":"https:\/\/away.trackersline.com\/go.php?v=2\/?s={search_term_string}"},"query-input":{"@type":"PropertyValueSpecification","valueRequired":true,"valueName":"search_term_string"}}],"inLanguage":"fr-FR"},{"@type":"Organization","@id":"https:\/\/away.trackersline.com\/go.php?v=2\/#organization","name":"Calusco BigMat","url":"https:\/\/away.trackersline.com\/go.php?v=2\/","logo":{"@type":"ImageObject","inLanguage":"fr-FR","@id":"https:\/\/away.trackersline.com\/go.php?v=2\/#\/schema\/logo\/image\/","url":"https:\/\/i0.wp.com\/caluscobigmat.it\/wp-content\/uploads\/2020\/02\/cropped-cropped-BigMatLOGO_INTL_PAYOFF-e1596828655319.png?fit=340%2C118&ssl=1","contentUrl":"https:\/\/i0.wp.com\/caluscobigmat.it\/wp-content\/uploads\/2020\/02\/cropped-cropped-BigMatLOGO_INTL_PAYOFF-e1596828655319.png?fit=340%2C118&ssl=1","width":340,"height":118,"caption":"Calusco BigMat"},"image":{"@id":"https:\/\/away.trackersline.com\/go.php?v=2\/#\/schema\/logo\/image\/"}}]}},"jetpack_sharing_enabled":true,"_links":{"self":[{"href":"https:\/\/caluscobigmat.it\/fr\/wp-json\/wp\/v2\/pages\/3762","targetHints":{"allow":["GET"]}}],"collection":[{"href":"https:\/\/caluscobigmat.it\/fr\/wp-json\/wp\/v2\/pages"}],"about":[{"href":"https:\/\/caluscobigmat.it\/fr\/wp-json\/wp\/v2\/types\/page"}],"author":[{"embeddable":true,"href":"https:\/\/caluscobigmat.it\/fr\/wp-json\/wp\/v2\/users\/1"}],"replies":[{"embeddable":true,"href":"https:\/\/caluscobigmat.it\/fr\/wp-json\/wp\/v2\/comments?post=3762"}],"version-history":[{"count":0,"href":"https:\/\/caluscobigmat.it\/fr\/wp-json\/wp\/v2\/pages\/3762\/revisions"}],"wp:attachment":[{"href":"https:\/\/caluscobigmat.it\/fr\/wp-json\/wp\/v2\/media?parent=3762"}],"curies":[{"name":"wp","href":"https:\/\/api.w.org\/{rel}","templated":true}]}}