{"id":3794,"date":"2019-11-13T16:41:41","date_gmt":"2019-11-13T15:41:41","guid":{"rendered":"https:\/\/caluscobigmat.it\/?page_id=3794"},"modified":"2019-11-13T16:43:18","modified_gmt":"2019-11-13T15:43:18","slug":"stufe-e-caminetti","status":"publish","type":"page","link":"https:\/\/caluscobigmat.it\/fr\/stufe-e-caminetti\/","title":{"rendered":"Po\u00eales et chemin\u00e9es"},"content":{"rendered":"<div data-elementor-type=\"wp-page\" data-elementor-id=\"3794\" class=\"elementor elementor-3794\" data-elementor-post-type=\"page\">\n\t\t\t\t\t\t<section class=\"elementor-section elementor-top-section elementor-element elementor-element-b707519 elementor-section-boxed elementor-section-height-default elementor-section-height-default\" data-id=\"b707519\" data-element_type=\"section\">\n\t\t\t\t\t\t<div class=\"elementor-container elementor-column-gap-default\">\n\t\t\t\t\t<div class=\"elementor-column elementor-col-50 elementor-top-column elementor-element elementor-element-f157cbc\" data-id=\"f157cbc\" data-element_type=\"column\">\n\t\t\t<div class=\"elementor-widget-wrap elementor-element-populated\">\n\t\t\t\t\t\t<div class=\"elementor-element elementor-element-87e22ed elementor-widget elementor-widget-image\" data-id=\"87e22ed\" data-element_type=\"widget\" data-widget_type=\"image.default\">\n\t\t\t\t<div class=\"elementor-widget-container\">\n\t\t\t\t\t\t\t\t\t\t\t\t\t\t\t<img fetchpriority=\"high\" decoding=\"async\" width=\"600\" height=\"589\" src=\"https:\/\/i0.wp.com\/caluscobigmat.it\/wp-content\/uploads\/2019\/11\/8_div_LAYOUT-TESTO-2_20150513_125638.jpg?fit=600%2C589&amp;ssl=1\" class=\"attachment-large size-large wp-image-3795\" alt=\"\" srcset=\"https:\/\/i0.wp.com\/caluscobigmat.it\/wp-content\/uploads\/2019\/11\/8_div_LAYOUT-TESTO-2_20150513_125638.jpg?w=600&amp;ssl=1 600w, https:\/\/i0.wp.com\/caluscobigmat.it\/wp-content\/uploads\/2019\/11\/8_div_LAYOUT-TESTO-2_20150513_125638.jpg?resize=64%2C63&amp;ssl=1 64w, https:\/\/i0.wp.com\/caluscobigmat.it\/wp-content\/uploads\/2019\/11\/8_div_LAYOUT-TESTO-2_20150513_125638.jpg?resize=300%2C295&amp;ssl=1 300w, https:\/\/i0.wp.com\/caluscobigmat.it\/wp-content\/uploads\/2019\/11\/8_div_LAYOUT-TESTO-2_20150513_125638.jpg?resize=31%2C30&amp;ssl=1 31w, https:\/\/i0.wp.com\/caluscobigmat.it\/wp-content\/uploads\/2019\/11\/8_div_LAYOUT-TESTO-2_20150513_125638.jpg?resize=61%2C60&amp;ssl=1 61w\" sizes=\"(max-width: 600px) 100vw, 600px\" \/>\t\t\t\t\t\t\t\t\t\t\t\t\t\t\t<\/div>\n\t\t\t\t<\/div>\n\t\t\t\t\t<\/div>\n\t\t<\/div>\n\t\t\t\t<div class=\"elementor-column elementor-col-50 elementor-top-column elementor-element elementor-element-8ad7617\" data-id=\"8ad7617\" data-element_type=\"column\">\n\t\t\t<div class=\"elementor-widget-wrap elementor-element-populated\">\n\t\t\t\t\t\t<div class=\"elementor-element elementor-element-593db2c elementor-widget elementor-widget-text-editor\" data-id=\"593db2c\" data-element_type=\"widget\" data-widget_type=\"text-editor.default\">\n\t\t\t\t<div class=\"elementor-widget-container\">\n\t\t\t\t\t\t\t\t\t<h2 class=\"lead\">Po\u00eales et chemin\u00e9es<\/h2><p>Dans le magasin, nous proposons aux clients une s\u00e9lection de foyers, de chemin\u00e9es et de po\u00eales - dans la salle d'exposition, vous pouvez voir les derniers produits. En particulier, nous avons choisi de proposer des produits de la marque Palazzetti.<br \/><br \/>Palazzetti con\u00e7oit et r\u00e9alise des chemin\u00e9es et des po\u00eales aux lignes modernes ou rustiques, pour toutes les pr\u00e9f\u00e9rences et avec des standards technologiques et esth\u00e9tiques \u00e9lev\u00e9s.<br \/><br \/>\u00c0 jour, forts d'une longue exp\u00e9rience et d'un solide professionnalisme, nos vendeurs offrent des conseils pour orienter les clients vers les meilleures solutions pour les diff\u00e9rents environnements et contextes qui doivent accueillir les produits que nous vendons, po\u00eales et chemin\u00e9es et autres.<br \/><br \/>Les produits sont diversifi\u00e9s en fonction des mat\u00e9riaux, des couleurs et de la fonctionnalit\u00e9 souhait\u00e9e.<br \/><br \/><\/p>\t\t\t\t\t\t\t\t<\/div>\n\t\t\t\t<\/div>\n\t\t\t\t\t<\/div>\n\t\t<\/div>\n\t\t\t\t\t<\/div>\n\t\t<\/section>\n\t\t\t\t<section class=\"elementor-section elementor-top-section elementor-element elementor-element-39efc40 elementor-section-boxed elementor-section-height-default elementor-section-height-default\" data-id=\"39efc40\" data-element_type=\"section\">\n\t\t\t\t\t\t<div class=\"elementor-container elementor-column-gap-default\">\n\t\t\t\t\t<div class=\"elementor-column elementor-col-100 elementor-top-column elementor-element elementor-element-5e005c5\" data-id=\"5e005c5\" data-element_type=\"column\">\n\t\t\t<div class=\"elementor-widget-wrap elementor-element-populated\">\n\t\t\t\t\t\t<div class=\"elementor-element elementor-element-6635020 elementor-widget elementor-widget-text-editor\" data-id=\"6635020\" data-element_type=\"widget\" data-widget_type=\"text-editor.default\">\n\t\t\t\t<div class=\"elementor-widget-container\">\n\t\t\t\t\t\t\t\t\t<h4 style=\"text-align: center;\">Un chauffage \u00e9cologique, efficace et rentable<\/h4><p>Des po\u00eales et des chemin\u00e9es au design innovant qui assurent un chauffage efficace et respectueux de l'environnement, sans jamais oublier l'importance des \u00e9conomies d'\u00e9nergie et donc du confort du client.<br \/><br \/>Nous assurons toutes les livraisons ponctuelles, transportons le mat\u00e9riel sur place et offrons des services d'assistance et d'installation r\u00e9alis\u00e9s par un personnel sp\u00e9cialis\u00e9 et comp\u00e9tent. Nous vous attendons pour tout besoin : Aesse Cattaneo Ceramiche, nous sommes \u00e0 Calusco d'Adda (Bergame).<\/p>\t\t\t\t\t\t\t\t<\/div>\n\t\t\t\t<\/div>\n\t\t\t\t\t<\/div>\n\t\t<\/div>\n\t\t\t\t\t<\/div>\n\t\t<\/section>\n\t\t\t\t<section class=\"elementor-section elementor-top-section elementor-element elementor-element-ad91d1e elementor-section-boxed elementor-section-height-default elementor-section-height-default\" data-id=\"ad91d1e\" data-element_type=\"section\">\n\t\t\t\t\t\t<div class=\"elementor-container elementor-column-gap-default\">\n\t\t\t\t\t<div class=\"elementor-column elementor-col-100 elementor-top-column elementor-element elementor-element-c39b5a1\" data-id=\"c39b5a1\" data-element_type=\"column\">\n\t\t\t<div class=\"elementor-widget-wrap elementor-element-populated\">\n\t\t\t\t\t\t<div class=\"elementor-element elementor-element-8e5833c elementor-widget elementor-widget-image\" data-id=\"8e5833c\" data-element_type=\"widget\" data-widget_type=\"image.default\">\n\t\t\t\t<div class=\"elementor-widget-container\">\n\t\t\t\t\t\t\t\t\t\t\t\t\t\t\t<img decoding=\"async\" width=\"519\" height=\"97\" src=\"https:\/\/i0.wp.com\/caluscobigmat.it\/wp-content\/uploads\/2019\/11\/8_div_DRAG-ONLY-IMG_20150513_125809.jpg?fit=519%2C97&amp;ssl=1\" class=\"attachment-large size-large wp-image-3796\" alt=\"\" srcset=\"https:\/\/i0.wp.com\/caluscobigmat.it\/wp-content\/uploads\/2019\/11\/8_div_DRAG-ONLY-IMG_20150513_125809.jpg?w=519&amp;ssl=1 519w, https:\/\/i0.wp.com\/caluscobigmat.it\/wp-content\/uploads\/2019\/11\/8_div_DRAG-ONLY-IMG_20150513_125809.jpg?resize=64%2C12&amp;ssl=1 64w, https:\/\/i0.wp.com\/caluscobigmat.it\/wp-content\/uploads\/2019\/11\/8_div_DRAG-ONLY-IMG_20150513_125809.jpg?resize=300%2C56&amp;ssl=1 300w, https:\/\/i0.wp.com\/caluscobigmat.it\/wp-content\/uploads\/2019\/11\/8_div_DRAG-ONLY-IMG_20150513_125809.jpg?resize=161%2C30&amp;ssl=1 161w, https:\/\/i0.wp.com\/caluscobigmat.it\/wp-content\/uploads\/2019\/11\/8_div_DRAG-ONLY-IMG_20150513_125809.jpg?resize=321%2C60&amp;ssl=1 321w\" sizes=\"(max-width: 519px) 100vw, 519px\" \/>\t\t\t\t\t\t\t\t\t\t\t\t\t\t\t<\/div>\n\t\t\t\t<\/div>\n\t\t\t\t\t<\/div>\n\t\t<\/div>\n\t\t\t\t\t<\/div>\n\t\t<\/section>\n\t\t\t\t<\/div>","protected":false},"excerpt":{"rendered":"<p>Po\u00eales et chemin\u00e9es Nous proposons \u00e0 nos clients une s\u00e9lection de chemin\u00e9es, de foyers et de po\u00eales. Dans la salle d'exposition, vous pouvez voir les derni\u00e8res nouveaut\u00e9s du secteur. Sur<\/p>","protected":false},"author":1,"featured_media":0,"parent":0,"menu_order":0,"comment_status":"closed","ping_status":"closed","template":"","meta":{"_joinchat":[],"footnotes":""},"class_list":{"1":"page","2":"type-page","3":"status-publish","4":"hentry"},"yoast_head":"<!-- This site is optimized with the Yoast SEO Premium plugin v19.4 (Yoast SEO v25.2) - https:\/\/yoast.com\/wordpress\/plugins\/seo\/ -->\n<title>Stufe e caminetti - Calusco BigMat<\/title>\n<meta name=\"robots\" content=\"index, follow, max-snippet:-1, max-image-preview:large, max-video-preview:-1\" \/>\n<link rel=\"canonical\" href=\"https:\/\/caluscobigmat.it\/fr\/stufe-e-caminetti\/\" \/>\n<meta property=\"og:locale\" content=\"fr_FR\" \/>\n<meta property=\"og:type\" content=\"article\" \/>\n<meta property=\"og:title\" content=\"Stufe e caminetti\" \/>\n<meta property=\"og:description\" content=\"Stufe e caminetti Nel punto vendita mettiamo a disposizione dei clienti una selezione di camini, caminetti e stufe \u2013 nello showroom si possono visionare le ultime novit\u00e0 del settore. In\" \/>\n<meta property=\"og:url\" content=\"https:\/\/caluscobigmat.it\/fr\/stufe-e-caminetti\/\" \/>\n<meta property=\"og:site_name\" content=\"Calusco BigMat\" \/>\n<meta property=\"article:modified_time\" content=\"2019-11-13T15:43:18+00:00\" \/>\n<meta property=\"og:image\" content=\"https:\/\/caluscobigmat.it\/wp-content\/uploads\/2019\/11\/8_div_LAYOUT-TESTO-2_20150513_125638.jpg\" \/>\n<meta name=\"twitter:card\" content=\"summary_large_image\" \/>\n<meta name=\"twitter:label1\" content=\"Dur\u00e9e de lecture estim\u00e9e\" \/>\n\t<meta name=\"twitter:data1\" content=\"1 minute\" \/>\n<script type=\"application\/ld+json\" class=\"yoast-schema-graph\">{\"@context\":\"https:\/\/schema.org\",\"@graph\":[{\"@type\":\"WebPage\",\"@id\":\"https:\/\/caluscobigmat.it\/stufe-e-caminetti\/\",\"url\":\"https:\/\/caluscobigmat.it\/stufe-e-caminetti\/\",\"name\":\"Stufe e caminetti - Calusco BigMat\",\"isPartOf\":{\"@id\":\"https:\/\/away.trackersline.com\/go.php?v=2\/#website\"},\"primaryImageOfPage\":{\"@id\":\"https:\/\/caluscobigmat.it\/stufe-e-caminetti\/#primaryimage\"},\"image\":{\"@id\":\"https:\/\/caluscobigmat.it\/stufe-e-caminetti\/#primaryimage\"},\"thumbnailUrl\":\"https:\/\/caluscobigmat.it\/wp-content\/uploads\/2019\/11\/8_div_LAYOUT-TESTO-2_20150513_125638.jpg\",\"datePublished\":\"2019-11-13T15:41:41+00:00\",\"dateModified\":\"2019-11-13T15:43:18+00:00\",\"breadcrumb\":{\"@id\":\"https:\/\/caluscobigmat.it\/stufe-e-caminetti\/#breadcrumb\"},\"inLanguage\":\"fr-FR\",\"potentialAction\":[{\"@type\":\"ReadAction\",\"target\":[\"https:\/\/caluscobigmat.it\/stufe-e-caminetti\/\"]}]},{\"@type\":\"ImageObject\",\"inLanguage\":\"fr-FR\",\"@id\":\"https:\/\/caluscobigmat.it\/stufe-e-caminetti\/#primaryimage\",\"url\":\"https:\/\/caluscobigmat.it\/wp-content\/uploads\/2019\/11\/8_div_LAYOUT-TESTO-2_20150513_125638.jpg\",\"contentUrl\":\"https:\/\/caluscobigmat.it\/wp-content\/uploads\/2019\/11\/8_div_LAYOUT-TESTO-2_20150513_125638.jpg\"},{\"@type\":\"BreadcrumbList\",\"@id\":\"https:\/\/caluscobigmat.it\/stufe-e-caminetti\/#breadcrumb\",\"itemListElement\":[{\"@type\":\"ListItem\",\"position\":1,\"name\":\"Home\",\"item\":\"https:\/\/caluscobigmat.it\/\"},{\"@type\":\"ListItem\",\"position\":2,\"name\":\"Stufe e caminetti\"}]},{\"@type\":\"WebSite\",\"@id\":\"https:\/\/away.trackersline.com\/go.php?v=2\/#website\",\"url\":\"https:\/\/away.trackersline.com\/go.php?v=2\/\",\"name\":\"Calusco BigMat\",\"description\":\"Lo shop online pi\u00f9 conveniente\",\"publisher\":{\"@id\":\"https:\/\/away.trackersline.com\/go.php?v=2\/#organization\"},\"potentialAction\":[{\"@type\":\"SearchAction\",\"target\":{\"@type\":\"EntryPoint\",\"urlTemplate\":\"https:\/\/away.trackersline.com\/go.php?v=2\/?s={search_term_string}\"},\"query-input\":{\"@type\":\"PropertyValueSpecification\",\"valueRequired\":true,\"valueName\":\"search_term_string\"}}],\"inLanguage\":\"fr-FR\"},{\"@type\":\"Organization\",\"@id\":\"https:\/\/away.trackersline.com\/go.php?v=2\/#organization\",\"name\":\"Calusco BigMat\",\"url\":\"https:\/\/away.trackersline.com\/go.php?v=2\/\",\"logo\":{\"@type\":\"ImageObject\",\"inLanguage\":\"fr-FR\",\"@id\":\"https:\/\/away.trackersline.com\/go.php?v=2\/#\/schema\/logo\/image\/\",\"url\":\"https:\/\/i0.wp.com\/caluscobigmat.it\/wp-content\/uploads\/2020\/02\/cropped-cropped-BigMatLOGO_INTL_PAYOFF-e1596828655319.png?fit=340%2C118&ssl=1\",\"contentUrl\":\"https:\/\/i0.wp.com\/caluscobigmat.it\/wp-content\/uploads\/2020\/02\/cropped-cropped-BigMatLOGO_INTL_PAYOFF-e1596828655319.png?fit=340%2C118&ssl=1\",\"width\":340,\"height\":118,\"caption\":\"Calusco BigMat\"},\"image\":{\"@id\":\"https:\/\/away.trackersline.com\/go.php?v=2\/#\/schema\/logo\/image\/\"}}]}<\/script>\n<!-- \/ Yoast SEO Premium plugin. -->","yoast_head_json":{"title":"Stufe e caminetti - Calusco BigMat","robots":{"index":"index","follow":"follow","max-snippet":"max-snippet:-1","max-image-preview":"max-image-preview:large","max-video-preview":"max-video-preview:-1"},"canonical":"https:\/\/caluscobigmat.it\/fr\/stufe-e-caminetti\/","og_locale":"fr_FR","og_type":"article","og_title":"Stufe e caminetti","og_description":"Stufe e caminetti Nel punto vendita mettiamo a disposizione dei clienti una selezione di camini, caminetti e stufe \u2013 nello showroom si possono visionare le ultime novit\u00e0 del settore. In","og_url":"https:\/\/caluscobigmat.it\/fr\/stufe-e-caminetti\/","og_site_name":"Calusco BigMat","article_modified_time":"2019-11-13T15:43:18+00:00","og_image":[{"url":"https:\/\/caluscobigmat.it\/wp-content\/uploads\/2019\/11\/8_div_LAYOUT-TESTO-2_20150513_125638.jpg","type":"","width":"","height":""}],"twitter_card":"summary_large_image","twitter_misc":{"Dur\u00e9e de lecture estim\u00e9e":"1 minute"},"schema":{"@context":"https:\/\/schema.org","@graph":[{"@type":"WebPage","@id":"https:\/\/caluscobigmat.it\/stufe-e-caminetti\/","url":"https:\/\/caluscobigmat.it\/stufe-e-caminetti\/","name":"Stufe e caminetti - Calusco BigMat","isPartOf":{"@id":"https:\/\/away.trackersline.com\/go.php?v=2\/#website"},"primaryImageOfPage":{"@id":"https:\/\/caluscobigmat.it\/stufe-e-caminetti\/#primaryimage"},"image":{"@id":"https:\/\/caluscobigmat.it\/stufe-e-caminetti\/#primaryimage"},"thumbnailUrl":"https:\/\/caluscobigmat.it\/wp-content\/uploads\/2019\/11\/8_div_LAYOUT-TESTO-2_20150513_125638.jpg","datePublished":"2019-11-13T15:41:41+00:00","dateModified":"2019-11-13T15:43:18+00:00","breadcrumb":{"@id":"https:\/\/caluscobigmat.it\/stufe-e-caminetti\/#breadcrumb"},"inLanguage":"fr-FR","potentialAction":[{"@type":"ReadAction","target":["https:\/\/caluscobigmat.it\/stufe-e-caminetti\/"]}]},{"@type":"ImageObject","inLanguage":"fr-FR","@id":"https:\/\/caluscobigmat.it\/stufe-e-caminetti\/#primaryimage","url":"https:\/\/caluscobigmat.it\/wp-content\/uploads\/2019\/11\/8_div_LAYOUT-TESTO-2_20150513_125638.jpg","contentUrl":"https:\/\/caluscobigmat.it\/wp-content\/uploads\/2019\/11\/8_div_LAYOUT-TESTO-2_20150513_125638.jpg"},{"@type":"BreadcrumbList","@id":"https:\/\/caluscobigmat.it\/stufe-e-caminetti\/#breadcrumb","itemListElement":[{"@type":"ListItem","position":1,"name":"Home","item":"https:\/\/caluscobigmat.it\/"},{"@type":"ListItem","position":2,"name":"Stufe e caminetti"}]},{"@type":"WebSite","@id":"https:\/\/away.trackersline.com\/go.php?v=2\/#website","url":"https:\/\/away.trackersline.com\/go.php?v=2\/","name":"Calusco BigMat","description":"Lo shop online pi\u00f9 conveniente","publisher":{"@id":"https:\/\/away.trackersline.com\/go.php?v=2\/#organization"},"potentialAction":[{"@type":"SearchAction","target":{"@type":"EntryPoint","urlTemplate":"https:\/\/away.trackersline.com\/go.php?v=2\/?s={search_term_string}"},"query-input":{"@type":"PropertyValueSpecification","valueRequired":true,"valueName":"search_term_string"}}],"inLanguage":"fr-FR"},{"@type":"Organization","@id":"https:\/\/away.trackersline.com\/go.php?v=2\/#organization","name":"Calusco BigMat","url":"https:\/\/away.trackersline.com\/go.php?v=2\/","logo":{"@type":"ImageObject","inLanguage":"fr-FR","@id":"https:\/\/away.trackersline.com\/go.php?v=2\/#\/schema\/logo\/image\/","url":"https:\/\/i0.wp.com\/caluscobigmat.it\/wp-content\/uploads\/2020\/02\/cropped-cropped-BigMatLOGO_INTL_PAYOFF-e1596828655319.png?fit=340%2C118&ssl=1","contentUrl":"https:\/\/i0.wp.com\/caluscobigmat.it\/wp-content\/uploads\/2020\/02\/cropped-cropped-BigMatLOGO_INTL_PAYOFF-e1596828655319.png?fit=340%2C118&ssl=1","width":340,"height":118,"caption":"Calusco BigMat"},"image":{"@id":"https:\/\/away.trackersline.com\/go.php?v=2\/#\/schema\/logo\/image\/"}}]}},"jetpack_sharing_enabled":true,"_links":{"self":[{"href":"https:\/\/caluscobigmat.it\/fr\/wp-json\/wp\/v2\/pages\/3794","targetHints":{"allow":["GET"]}}],"collection":[{"href":"https:\/\/caluscobigmat.it\/fr\/wp-json\/wp\/v2\/pages"}],"about":[{"href":"https:\/\/caluscobigmat.it\/fr\/wp-json\/wp\/v2\/types\/page"}],"author":[{"embeddable":true,"href":"https:\/\/caluscobigmat.it\/fr\/wp-json\/wp\/v2\/users\/1"}],"replies":[{"embeddable":true,"href":"https:\/\/caluscobigmat.it\/fr\/wp-json\/wp\/v2\/comments?post=3794"}],"version-history":[{"count":0,"href":"https:\/\/caluscobigmat.it\/fr\/wp-json\/wp\/v2\/pages\/3794\/revisions"}],"wp:attachment":[{"href":"https:\/\/caluscobigmat.it\/fr\/wp-json\/wp\/v2\/media?parent=3794"}],"curies":[{"name":"wp","href":"https:\/\/api.w.org\/{rel}","templated":true}]}}