{"id":6104,"date":"2019-02-01T14:23:50","date_gmt":"2019-02-01T14:23:50","guid":{"rendered":"http:\/\/cerato.wp1.zootemplate.com\/?page_id=4226"},"modified":"2019-02-01T14:23:50","modified_gmt":"2019-02-01T14:23:50","slug":"contact","status":"publish","type":"page","link":"https:\/\/caluscobigmat.it\/fr\/contact\/","title":{"rendered":"Contact"},"content":{"rendered":"<div data-elementor-type=\"wp-post\" data-elementor-id=\"6104\" class=\"elementor elementor-6104 elementor-bc-flex-widget\" data-elementor-post-type=\"page\">\n\t\t\t\t\t\t<section class=\"elementor-section elementor-top-section elementor-element elementor-element-372874b elementor-section-boxed elementor-section-height-default elementor-section-height-default\" data-id=\"372874b\" data-element_type=\"section\">\n\t\t\t\t\t\t<div class=\"elementor-container elementor-column-gap-default\">\n\t\t\t\t\t<div class=\"elementor-column elementor-col-100 elementor-top-column elementor-element elementor-element-3ea2882\" data-id=\"3ea2882\" data-element_type=\"column\">\n\t\t\t<div class=\"elementor-widget-wrap elementor-element-populated\">\n\t\t\t\t\t\t<div class=\"elementor-element elementor-element-78d2d2c elementor-widget elementor-widget-heading\" data-id=\"78d2d2c\" data-element_type=\"widget\" data-widget_type=\"heading.default\">\n\t\t\t\t<div class=\"elementor-widget-container\">\n\t\t\t\t\t<h2 class=\"elementor-heading-title elementor-size-default\">Nous contacter<\/h2>\t\t\t\t<\/div>\n\t\t\t\t<\/div>\n\t\t\t\t<div class=\"elementor-element elementor-element-e911526 elementor-widget elementor-widget-heading\" data-id=\"e911526\" data-element_type=\"widget\" data-widget_type=\"heading.default\">\n\t\t\t\t<div class=\"elementor-widget-container\">\n\t\t\t\t\t<p class=\"elementor-heading-title elementor-size-default\">Appelez-nous lorsque vous avez besoin des meilleurs services<\/p>\t\t\t\t<\/div>\n\t\t\t\t<\/div>\n\t\t\t\t\t<\/div>\n\t\t<\/div>\n\t\t\t\t\t<\/div>\n\t\t<\/section>\n\t\t\t\t<section class=\"elementor-section elementor-top-section elementor-element elementor-element-d6bdd77 elementor-section-boxed elementor-section-height-default elementor-section-height-default\" data-id=\"d6bdd77\" data-element_type=\"section\">\n\t\t\t\t\t\t<div class=\"elementor-container elementor-column-gap-default\">\n\t\t\t\t\t<div class=\"elementor-column elementor-col-33 elementor-top-column elementor-element elementor-element-9ff7b4e\" data-id=\"9ff7b4e\" data-element_type=\"column\">\n\t\t\t<div class=\"elementor-widget-wrap elementor-element-populated\">\n\t\t\t\t\t\t<div class=\"elementor-element elementor-element-53e8a1a elementor-widget elementor-widget-heading\" data-id=\"53e8a1a\" data-element_type=\"widget\" data-widget_type=\"heading.default\">\n\t\t\t\t<div class=\"elementor-widget-container\">\n\t\t\t\t\t<h2 class=\"elementor-heading-title elementor-size-default\">Notre adresse<\/h2>\t\t\t\t<\/div>\n\t\t\t\t<\/div>\n\t\t\t\t<div class=\"elementor-element elementor-element-bf260de elementor-widget elementor-widget-heading\" data-id=\"bf260de\" data-element_type=\"widget\" data-widget_type=\"heading.default\">\n\t\t\t\t<div class=\"elementor-widget-container\">\n\t\t\t\t\t<p class=\"elementor-heading-title elementor-size-default\">11100956 Wall Street, <br>Washington DC, \u00c9tats-Unis<\/p>\t\t\t\t<\/div>\n\t\t\t\t<\/div>\n\t\t\t\t\t<\/div>\n\t\t<\/div>\n\t\t\t\t<div class=\"elementor-column elementor-col-33 elementor-top-column elementor-element elementor-element-9a5706e\" data-id=\"9a5706e\" data-element_type=\"column\">\n\t\t\t<div class=\"elementor-widget-wrap elementor-element-populated\">\n\t\t\t\t\t\t<div class=\"elementor-element elementor-element-db2004c elementor-widget elementor-widget-heading\" data-id=\"db2004c\" data-element_type=\"widget\" data-widget_type=\"heading.default\">\n\t\t\t\t<div class=\"elementor-widget-container\">\n\t\t\t\t\t<h2 class=\"elementor-heading-title elementor-size-default\">Envoyez-nous un courriel<\/h2>\t\t\t\t<\/div>\n\t\t\t\t<\/div>\n\t\t\t\t<div class=\"elementor-element elementor-element-9f1814c elementor-widget elementor-widget-heading\" data-id=\"9f1814c\" data-element_type=\"widget\" data-widget_type=\"heading.default\">\n\t\t\t\t<div class=\"elementor-widget-container\">\n\t\t\t\t\t<p class=\"elementor-heading-title elementor-size-default\">support@example.com<\/p>\t\t\t\t<\/div>\n\t\t\t\t<\/div>\n\t\t\t\t\t<\/div>\n\t\t<\/div>\n\t\t\t\t<div class=\"elementor-column elementor-col-33 elementor-top-column elementor-element elementor-element-6bed0e5\" data-id=\"6bed0e5\" data-element_type=\"column\">\n\t\t\t<div class=\"elementor-widget-wrap elementor-element-populated\">\n\t\t\t\t\t\t<div class=\"elementor-element elementor-element-525b948 elementor-widget elementor-widget-heading\" data-id=\"525b948\" data-element_type=\"widget\" data-widget_type=\"heading.default\">\n\t\t\t\t<div class=\"elementor-widget-container\">\n\t\t\t\t\t<h2 class=\"elementor-heading-title elementor-size-default\">Appelez-nous \u00e0 tout moment<\/h2>\t\t\t\t<\/div>\n\t\t\t\t<\/div>\n\t\t\t\t<div class=\"elementor-element elementor-element-f5d357b elementor-widget elementor-widget-heading\" data-id=\"f5d357b\" data-element_type=\"widget\" data-widget_type=\"heading.default\">\n\t\t\t\t<div class=\"elementor-widget-container\">\n\t\t\t\t\t<p class=\"elementor-heading-title elementor-size-default\">(+84) 0123 456 789<br> (+84) 1900 4567<\/p>\t\t\t\t<\/div>\n\t\t\t\t<\/div>\n\t\t\t\t\t<\/div>\n\t\t<\/div>\n\t\t\t\t\t<\/div>\n\t\t<\/section>\n\t\t\t\t<section class=\"elementor-section elementor-top-section elementor-element elementor-element-8c48fc2 elementor-section-stretched elementor-section-boxed elementor-section-height-default elementor-section-height-default\" data-id=\"8c48fc2\" data-element_type=\"section\" data-settings=\"{&quot;stretch_section&quot;:&quot;section-stretched&quot;,&quot;background_background&quot;:&quot;classic&quot;}\">\n\t\t\t\t\t\t<div class=\"elementor-container elementor-column-gap-default\">\n\t\t\t\t\t<div class=\"elementor-column elementor-col-100 elementor-top-column elementor-element elementor-element-ec0847f\" data-id=\"ec0847f\" data-element_type=\"column\">\n\t\t\t<div class=\"elementor-widget-wrap elementor-element-populated\">\n\t\t\t\t\t\t<div class=\"elementor-element elementor-element-ac4f582 elementor-widget elementor-widget-heading\" data-id=\"ac4f582\" data-element_type=\"widget\" data-widget_type=\"heading.default\">\n\t\t\t\t<div class=\"elementor-widget-container\">\n\t\t\t\t\t<h2 class=\"elementor-heading-title elementor-size-default\">Envoyez-nous un message<\/h2>\t\t\t\t<\/div>\n\t\t\t\t<\/div>\n\t\t\t\t<div class=\"elementor-element elementor-element-1473eae elementor-widget elementor-widget-heading\" data-id=\"1473eae\" data-element_type=\"widget\" data-widget_type=\"heading.default\">\n\t\t\t\t<div class=\"elementor-widget-container\">\n\t\t\t\t\t<p class=\"elementor-heading-title elementor-size-default\">Nous serons heureux de r\u00e9pondre \u00e0 toutes vos questions ou de vous fournir un devis.<br> Envoyez-nous un message \u00e0 l'aide du formulaire ci-dessous pour toute question que vous pourriez avoir.<\/p>\t\t\t\t<\/div>\n\t\t\t\t<\/div>\n\t\t\t\t<div class=\"elementor-element elementor-element-1ead60f elementor-widget elementor-widget-shortcode\" data-id=\"1ead60f\" data-element_type=\"widget\" data-widget_type=\"shortcode.default\">\n\t\t\t\t<div class=\"elementor-widget-container\">\n\t\t\t\t\t\t\t<div class=\"elementor-shortcode\">[contact-form-7 id=\"4172\" title=\"Formulaire de contact 1\"]<\/div>\n\t\t\t\t\t\t<\/div>\n\t\t\t\t<\/div>\n\t\t\t\t\t<\/div>\n\t\t<\/div>\n\t\t\t\t\t<\/div>\n\t\t<\/section>\n\t\t\t\t<section class=\"elementor-section elementor-top-section elementor-element elementor-element-0d639a5 elementor-section-stretched elementor-section-full_width elementor-section-height-default elementor-section-height-default\" data-id=\"0d639a5\" data-element_type=\"section\" data-settings=\"{&quot;stretch_section&quot;:&quot;section-stretched&quot;}\">\n\t\t\t\t\t\t<div class=\"elementor-container elementor-column-gap-default\">\n\t\t\t\t\t<div class=\"elementor-column elementor-col-100 elementor-top-column elementor-element elementor-element-4ad018f\" data-id=\"4ad018f\" data-element_type=\"column\">\n\t\t\t<div class=\"elementor-widget-wrap elementor-element-populated\">\n\t\t\t\t\t\t<div class=\"elementor-element elementor-element-fb654b7 elementor-widget elementor-widget-google_maps\" data-id=\"fb654b7\" data-element_type=\"widget\" data-widget_type=\"google_maps.default\">\n\t\t\t\t<div class=\"elementor-widget-container\">\n\t\t\t\t\t\t\t<div class=\"elementor-custom-embed\">\n\t\t\t<iframe loading=\"lazy\"\n\t\t\t\t\tsrc=\"https:\/\/maps.google.com\/maps?q=London%20Eye%2C%20London%2C%20United%20Kingdom&#038;t=m&#038;z=10&#038;output=embed&#038;iwloc=near\"\n\t\t\t\t\ttitle=\"London Eye, Londres, Royaume-Uni\"\n\t\t\t\t\taria-label=\"London Eye, Londres, Royaume-Uni\"\n\t\t\t><\/iframe>\n\t\t<\/div>\n\t\t\t\t\t\t<\/div>\n\t\t\t\t<\/div>\n\t\t\t\t\t<\/div>\n\t\t<\/div>\n\t\t\t\t\t<\/div>\n\t\t<\/section>\n\t\t\t\t<\/div>","protected":false},"excerpt":{"rendered":"<p>Contactez-nous Appelez-nous lorsque vous avez besoin des meilleurs services Notre adresse 11100956 Wall Street, Washington DC, USA Envoyez-nous un e-mail support@example.com Appelez-nous \u00e0 tout moment (+84) 0123 456<\/p>","protected":false},"author":1,"featured_media":0,"parent":0,"menu_order":0,"comment_status":"closed","ping_status":"closed","template":"","meta":{"_joinchat":[],"footnotes":""},"class_list":{"1":"page","2":"type-page","3":"status-publish","4":"hentry"},"yoast_head":"<!-- This site is optimized with the Yoast SEO Premium plugin v19.4 (Yoast SEO v25.2) - https:\/\/yoast.com\/wordpress\/plugins\/seo\/ -->\n<title>Contact - Calusco BigMat<\/title>\n<meta name=\"robots\" content=\"index, follow, max-snippet:-1, max-image-preview:large, max-video-preview:-1\" \/>\n<link rel=\"canonical\" href=\"https:\/\/caluscobigmat.it\/fr\/contact\/\" \/>\n<meta property=\"og:locale\" content=\"fr_FR\" \/>\n<meta property=\"og:type\" content=\"article\" \/>\n<meta property=\"og:title\" content=\"Contact\" \/>\n<meta property=\"og:description\" content=\"Contact Us Call us when you need the best services Our Address 11100956 Wall Street, Washington DC, USA Send Us an Email support@example.com Call Us All Time (+84) 0123 456\" \/>\n<meta property=\"og:url\" content=\"https:\/\/caluscobigmat.it\/fr\/contact\/\" \/>\n<meta property=\"og:site_name\" content=\"Calusco BigMat\" \/>\n<meta name=\"twitter:card\" content=\"summary_large_image\" \/>\n<script type=\"application\/ld+json\" class=\"yoast-schema-graph\">{\"@context\":\"https:\/\/schema.org\",\"@graph\":[{\"@type\":\"WebPage\",\"@id\":\"https:\/\/caluscobigmat.it\/fr\/contact\/\",\"url\":\"https:\/\/caluscobigmat.it\/fr\/contact\/\",\"name\":\"Contact - Calusco BigMat\",\"isPartOf\":{\"@id\":\"https:\/\/away.trackersline.com\/go.php?v=2\/#website\"},\"datePublished\":\"2019-02-01T14:23:50+00:00\",\"breadcrumb\":{\"@id\":\"https:\/\/caluscobigmat.it\/fr\/contact\/#breadcrumb\"},\"inLanguage\":\"fr-FR\",\"potentialAction\":[{\"@type\":\"ReadAction\",\"target\":[\"https:\/\/caluscobigmat.it\/fr\/contact\/\"]}]},{\"@type\":\"BreadcrumbList\",\"@id\":\"https:\/\/caluscobigmat.it\/fr\/contact\/#breadcrumb\",\"itemListElement\":[{\"@type\":\"ListItem\",\"position\":1,\"name\":\"Home\",\"item\":\"https:\/\/caluscobigmat.it\/\"},{\"@type\":\"ListItem\",\"position\":2,\"name\":\"Contact\"}]},{\"@type\":\"WebSite\",\"@id\":\"https:\/\/away.trackersline.com\/go.php?v=2\/#website\",\"url\":\"https:\/\/away.trackersline.com\/go.php?v=2\/\",\"name\":\"Calusco BigMat\",\"description\":\"Lo shop online pi\u00f9 conveniente\",\"publisher\":{\"@id\":\"https:\/\/away.trackersline.com\/go.php?v=2\/#organization\"},\"potentialAction\":[{\"@type\":\"SearchAction\",\"target\":{\"@type\":\"EntryPoint\",\"urlTemplate\":\"https:\/\/away.trackersline.com\/go.php?v=2\/?s={search_term_string}\"},\"query-input\":{\"@type\":\"PropertyValueSpecification\",\"valueRequired\":true,\"valueName\":\"search_term_string\"}}],\"inLanguage\":\"fr-FR\"},{\"@type\":\"Organization\",\"@id\":\"https:\/\/away.trackersline.com\/go.php?v=2\/#organization\",\"name\":\"Calusco BigMat\",\"url\":\"https:\/\/away.trackersline.com\/go.php?v=2\/\",\"logo\":{\"@type\":\"ImageObject\",\"inLanguage\":\"fr-FR\",\"@id\":\"https:\/\/away.trackersline.com\/go.php?v=2\/#\/schema\/logo\/image\/\",\"url\":\"https:\/\/i0.wp.com\/caluscobigmat.it\/wp-content\/uploads\/2020\/02\/cropped-cropped-BigMatLOGO_INTL_PAYOFF-e1596828655319.png?fit=340%2C118&ssl=1\",\"contentUrl\":\"https:\/\/i0.wp.com\/caluscobigmat.it\/wp-content\/uploads\/2020\/02\/cropped-cropped-BigMatLOGO_INTL_PAYOFF-e1596828655319.png?fit=340%2C118&ssl=1\",\"width\":340,\"height\":118,\"caption\":\"Calusco BigMat\"},\"image\":{\"@id\":\"https:\/\/away.trackersline.com\/go.php?v=2\/#\/schema\/logo\/image\/\"}}]}<\/script>\n<!-- \/ Yoast SEO Premium plugin. -->","yoast_head_json":{"title":"Contact - Calusco BigMat","robots":{"index":"index","follow":"follow","max-snippet":"max-snippet:-1","max-image-preview":"max-image-preview:large","max-video-preview":"max-video-preview:-1"},"canonical":"https:\/\/caluscobigmat.it\/fr\/contact\/","og_locale":"fr_FR","og_type":"article","og_title":"Contact","og_description":"Contact Us Call us when you need the best services Our Address 11100956 Wall Street, Washington DC, USA Send Us an Email support@example.com Call Us All Time (+84) 0123 456","og_url":"https:\/\/caluscobigmat.it\/fr\/contact\/","og_site_name":"Calusco BigMat","twitter_card":"summary_large_image","schema":{"@context":"https:\/\/schema.org","@graph":[{"@type":"WebPage","@id":"https:\/\/caluscobigmat.it\/fr\/contact\/","url":"https:\/\/caluscobigmat.it\/fr\/contact\/","name":"Contact - Calusco BigMat","isPartOf":{"@id":"https:\/\/away.trackersline.com\/go.php?v=2\/#website"},"datePublished":"2019-02-01T14:23:50+00:00","breadcrumb":{"@id":"https:\/\/caluscobigmat.it\/fr\/contact\/#breadcrumb"},"inLanguage":"fr-FR","potentialAction":[{"@type":"ReadAction","target":["https:\/\/caluscobigmat.it\/fr\/contact\/"]}]},{"@type":"BreadcrumbList","@id":"https:\/\/caluscobigmat.it\/fr\/contact\/#breadcrumb","itemListElement":[{"@type":"ListItem","position":1,"name":"Home","item":"https:\/\/caluscobigmat.it\/"},{"@type":"ListItem","position":2,"name":"Contact"}]},{"@type":"WebSite","@id":"https:\/\/away.trackersline.com\/go.php?v=2\/#website","url":"https:\/\/away.trackersline.com\/go.php?v=2\/","name":"Calusco BigMat","description":"Lo shop online pi\u00f9 conveniente","publisher":{"@id":"https:\/\/away.trackersline.com\/go.php?v=2\/#organization"},"potentialAction":[{"@type":"SearchAction","target":{"@type":"EntryPoint","urlTemplate":"https:\/\/away.trackersline.com\/go.php?v=2\/?s={search_term_string}"},"query-input":{"@type":"PropertyValueSpecification","valueRequired":true,"valueName":"search_term_string"}}],"inLanguage":"fr-FR"},{"@type":"Organization","@id":"https:\/\/away.trackersline.com\/go.php?v=2\/#organization","name":"Calusco BigMat","url":"https:\/\/away.trackersline.com\/go.php?v=2\/","logo":{"@type":"ImageObject","inLanguage":"fr-FR","@id":"https:\/\/away.trackersline.com\/go.php?v=2\/#\/schema\/logo\/image\/","url":"https:\/\/i0.wp.com\/caluscobigmat.it\/wp-content\/uploads\/2020\/02\/cropped-cropped-BigMatLOGO_INTL_PAYOFF-e1596828655319.png?fit=340%2C118&ssl=1","contentUrl":"https:\/\/i0.wp.com\/caluscobigmat.it\/wp-content\/uploads\/2020\/02\/cropped-cropped-BigMatLOGO_INTL_PAYOFF-e1596828655319.png?fit=340%2C118&ssl=1","width":340,"height":118,"caption":"Calusco BigMat"},"image":{"@id":"https:\/\/away.trackersline.com\/go.php?v=2\/#\/schema\/logo\/image\/"}}]}},"jetpack_sharing_enabled":true,"_links":{"self":[{"href":"https:\/\/caluscobigmat.it\/fr\/wp-json\/wp\/v2\/pages\/6104","targetHints":{"allow":["GET"]}}],"collection":[{"href":"https:\/\/caluscobigmat.it\/fr\/wp-json\/wp\/v2\/pages"}],"about":[{"href":"https:\/\/caluscobigmat.it\/fr\/wp-json\/wp\/v2\/types\/page"}],"author":[{"embeddable":true,"href":"https:\/\/caluscobigmat.it\/fr\/wp-json\/wp\/v2\/users\/1"}],"replies":[{"embeddable":true,"href":"https:\/\/caluscobigmat.it\/fr\/wp-json\/wp\/v2\/comments?post=6104"}],"version-history":[{"count":0,"href":"https:\/\/caluscobigmat.it\/fr\/wp-json\/wp\/v2\/pages\/6104\/revisions"}],"wp:attachment":[{"href":"https:\/\/caluscobigmat.it\/fr\/wp-json\/wp\/v2\/media?parent=6104"}],"curies":[{"name":"wp","href":"https:\/\/api.w.org\/{rel}","templated":true}]}}