{"id":6110,"date":"2019-03-20T16:38:25","date_gmt":"2019-03-20T16:38:25","guid":{"rendered":"http:\/\/cerato.wp1.zootemplate.com\/?page_id=4982"},"modified":"2019-03-20T16:38:25","modified_gmt":"2019-03-20T16:38:25","slug":"blog-grid","status":"publish","type":"page","link":"https:\/\/caluscobigmat.it\/fr\/blog-grid\/","title":{"rendered":"Grille de blog"},"content":{"rendered":"<div data-elementor-type=\"wp-post\" data-elementor-id=\"6110\" class=\"elementor elementor-6110\" data-elementor-post-type=\"page\">\n\t\t\t\t\t\t<section class=\"elementor-section elementor-top-section elementor-element elementor-element-aa0722b elementor-section-boxed elementor-section-height-default elementor-section-height-default\" data-id=\"aa0722b\" data-element_type=\"section\">\n\t\t\t\t\t\t<div class=\"elementor-container elementor-column-gap-default\">\n\t\t\t\t\t<div class=\"elementor-column elementor-col-100 elementor-top-column elementor-element elementor-element-0ce9558\" data-id=\"0ce9558\" data-element_type=\"column\">\n\t\t\t<div class=\"elementor-widget-wrap\">\n\t\t\t\t\t\t\t<\/div>\n\t\t<\/div>\n\t\t\t\t\t<\/div>\n\t\t<\/section>\n\t\t\t\t<\/div>","protected":false},"excerpt":{"rendered":"<p>22 avril 2019 7 strat\u00e9gies intelligentes pour vous aider \u00e0 devenir un acheteur durable Quand il s'agit de l'\u00e9galit\u00e9 des sexes dans l'industrie de la technologie, les chiffres ne vous surprendront probablement pas. Seulement 17%<\/p>","protected":false},"author":1,"featured_media":0,"parent":0,"menu_order":0,"comment_status":"closed","ping_status":"closed","template":"","meta":{"_joinchat":[],"footnotes":""},"class_list":{"1":"page","2":"type-page","3":"status-publish","4":"hentry"},"yoast_head":"<!-- This site is optimized with the Yoast SEO Premium plugin v19.4 (Yoast SEO v25.2) - https:\/\/yoast.com\/wordpress\/plugins\/seo\/ -->\n<title>Blog Grid - Calusco BigMat<\/title>\n<meta name=\"robots\" content=\"index, follow, max-snippet:-1, max-image-preview:large, max-video-preview:-1\" \/>\n<link rel=\"canonical\" href=\"https:\/\/caluscobigmat.it\/fr\/blog-grid\/\" \/>\n<meta property=\"og:locale\" content=\"fr_FR\" \/>\n<meta property=\"og:type\" content=\"article\" \/>\n<meta property=\"og:title\" content=\"Blog Grid\" \/>\n<meta property=\"og:description\" content=\"April 22, 2019 7 Smart Strategies to Help You Become a Sustainable Shopper When it comes to gender equality in the tech industry, the numbers probably won\u2019t surprise you. Only\u00a017%\" \/>\n<meta property=\"og:url\" content=\"https:\/\/caluscobigmat.it\/fr\/blog-grid\/\" \/>\n<meta property=\"og:site_name\" content=\"Calusco BigMat\" \/>\n<meta property=\"og:image\" content=\"http:\/\/cerato.wp1.zootemplate.com\/wp-content\/uploads\/2019\/03\/blog-10-min-1024x597.jpg\" \/>\n<meta name=\"twitter:card\" content=\"summary_large_image\" \/>\n<meta name=\"twitter:label1\" content=\"Dur\u00e9e de lecture estim\u00e9e\" \/>\n\t<meta name=\"twitter:data1\" content=\"1 minute\" \/>\n<script type=\"application\/ld+json\" class=\"yoast-schema-graph\">{\"@context\":\"https:\/\/schema.org\",\"@graph\":[{\"@type\":\"WebPage\",\"@id\":\"https:\/\/caluscobigmat.it\/blog-grid\/\",\"url\":\"https:\/\/caluscobigmat.it\/blog-grid\/\",\"name\":\"Blog Grid - Calusco BigMat\",\"isPartOf\":{\"@id\":\"https:\/\/away.trackersline.com\/go.php?v=2\/#website\"},\"primaryImageOfPage\":{\"@id\":\"https:\/\/caluscobigmat.it\/blog-grid\/#primaryimage\"},\"image\":{\"@id\":\"https:\/\/caluscobigmat.it\/blog-grid\/#primaryimage\"},\"thumbnailUrl\":\"http:\/\/cerato.wp1.zootemplate.com\/wp-content\/uploads\/2019\/03\/blog-10-min-1024x597.jpg\",\"datePublished\":\"2019-03-20T16:38:25+00:00\",\"breadcrumb\":{\"@id\":\"https:\/\/caluscobigmat.it\/blog-grid\/#breadcrumb\"},\"inLanguage\":\"fr-FR\",\"potentialAction\":[{\"@type\":\"ReadAction\",\"target\":[\"https:\/\/caluscobigmat.it\/blog-grid\/\"]}]},{\"@type\":\"ImageObject\",\"inLanguage\":\"fr-FR\",\"@id\":\"https:\/\/caluscobigmat.it\/blog-grid\/#primaryimage\",\"url\":\"http:\/\/cerato.wp1.zootemplate.com\/wp-content\/uploads\/2019\/03\/blog-10-min-1024x597.jpg\",\"contentUrl\":\"http:\/\/cerato.wp1.zootemplate.com\/wp-content\/uploads\/2019\/03\/blog-10-min-1024x597.jpg\"},{\"@type\":\"BreadcrumbList\",\"@id\":\"https:\/\/caluscobigmat.it\/blog-grid\/#breadcrumb\",\"itemListElement\":[{\"@type\":\"ListItem\",\"position\":1,\"name\":\"Home\",\"item\":\"https:\/\/caluscobigmat.it\/\"},{\"@type\":\"ListItem\",\"position\":2,\"name\":\"Blog Grid\"}]},{\"@type\":\"WebSite\",\"@id\":\"https:\/\/away.trackersline.com\/go.php?v=2\/#website\",\"url\":\"https:\/\/away.trackersline.com\/go.php?v=2\/\",\"name\":\"Calusco BigMat\",\"description\":\"Lo shop online pi\u00f9 conveniente\",\"publisher\":{\"@id\":\"https:\/\/away.trackersline.com\/go.php?v=2\/#organization\"},\"potentialAction\":[{\"@type\":\"SearchAction\",\"target\":{\"@type\":\"EntryPoint\",\"urlTemplate\":\"https:\/\/away.trackersline.com\/go.php?v=2\/?s={search_term_string}\"},\"query-input\":{\"@type\":\"PropertyValueSpecification\",\"valueRequired\":true,\"valueName\":\"search_term_string\"}}],\"inLanguage\":\"fr-FR\"},{\"@type\":\"Organization\",\"@id\":\"https:\/\/away.trackersline.com\/go.php?v=2\/#organization\",\"name\":\"Calusco BigMat\",\"url\":\"https:\/\/away.trackersline.com\/go.php?v=2\/\",\"logo\":{\"@type\":\"ImageObject\",\"inLanguage\":\"fr-FR\",\"@id\":\"https:\/\/away.trackersline.com\/go.php?v=2\/#\/schema\/logo\/image\/\",\"url\":\"https:\/\/i0.wp.com\/caluscobigmat.it\/wp-content\/uploads\/2020\/02\/cropped-cropped-BigMatLOGO_INTL_PAYOFF-e1596828655319.png?fit=340%2C118&ssl=1\",\"contentUrl\":\"https:\/\/i0.wp.com\/caluscobigmat.it\/wp-content\/uploads\/2020\/02\/cropped-cropped-BigMatLOGO_INTL_PAYOFF-e1596828655319.png?fit=340%2C118&ssl=1\",\"width\":340,\"height\":118,\"caption\":\"Calusco BigMat\"},\"image\":{\"@id\":\"https:\/\/away.trackersline.com\/go.php?v=2\/#\/schema\/logo\/image\/\"}}]}<\/script>\n<!-- \/ Yoast SEO Premium plugin. -->","yoast_head_json":{"title":"Blog Grid - Calusco BigMat","robots":{"index":"index","follow":"follow","max-snippet":"max-snippet:-1","max-image-preview":"max-image-preview:large","max-video-preview":"max-video-preview:-1"},"canonical":"https:\/\/caluscobigmat.it\/fr\/blog-grid\/","og_locale":"fr_FR","og_type":"article","og_title":"Blog Grid","og_description":"April 22, 2019 7 Smart Strategies to Help You Become a Sustainable Shopper When it comes to gender equality in the tech industry, the numbers probably won\u2019t surprise you. Only\u00a017%","og_url":"https:\/\/caluscobigmat.it\/fr\/blog-grid\/","og_site_name":"Calusco BigMat","og_image":[{"url":"http:\/\/cerato.wp1.zootemplate.com\/wp-content\/uploads\/2019\/03\/blog-10-min-1024x597.jpg","type":"","width":"","height":""}],"twitter_card":"summary_large_image","twitter_misc":{"Dur\u00e9e de lecture estim\u00e9e":"1 minute"},"schema":{"@context":"https:\/\/schema.org","@graph":[{"@type":"WebPage","@id":"https:\/\/caluscobigmat.it\/blog-grid\/","url":"https:\/\/caluscobigmat.it\/blog-grid\/","name":"Blog Grid - Calusco BigMat","isPartOf":{"@id":"https:\/\/away.trackersline.com\/go.php?v=2\/#website"},"primaryImageOfPage":{"@id":"https:\/\/caluscobigmat.it\/blog-grid\/#primaryimage"},"image":{"@id":"https:\/\/caluscobigmat.it\/blog-grid\/#primaryimage"},"thumbnailUrl":"http:\/\/cerato.wp1.zootemplate.com\/wp-content\/uploads\/2019\/03\/blog-10-min-1024x597.jpg","datePublished":"2019-03-20T16:38:25+00:00","breadcrumb":{"@id":"https:\/\/caluscobigmat.it\/blog-grid\/#breadcrumb"},"inLanguage":"fr-FR","potentialAction":[{"@type":"ReadAction","target":["https:\/\/caluscobigmat.it\/blog-grid\/"]}]},{"@type":"ImageObject","inLanguage":"fr-FR","@id":"https:\/\/caluscobigmat.it\/blog-grid\/#primaryimage","url":"http:\/\/cerato.wp1.zootemplate.com\/wp-content\/uploads\/2019\/03\/blog-10-min-1024x597.jpg","contentUrl":"http:\/\/cerato.wp1.zootemplate.com\/wp-content\/uploads\/2019\/03\/blog-10-min-1024x597.jpg"},{"@type":"BreadcrumbList","@id":"https:\/\/caluscobigmat.it\/blog-grid\/#breadcrumb","itemListElement":[{"@type":"ListItem","position":1,"name":"Home","item":"https:\/\/caluscobigmat.it\/"},{"@type":"ListItem","position":2,"name":"Blog Grid"}]},{"@type":"WebSite","@id":"https:\/\/away.trackersline.com\/go.php?v=2\/#website","url":"https:\/\/away.trackersline.com\/go.php?v=2\/","name":"Calusco BigMat","description":"Lo shop online pi\u00f9 conveniente","publisher":{"@id":"https:\/\/away.trackersline.com\/go.php?v=2\/#organization"},"potentialAction":[{"@type":"SearchAction","target":{"@type":"EntryPoint","urlTemplate":"https:\/\/away.trackersline.com\/go.php?v=2\/?s={search_term_string}"},"query-input":{"@type":"PropertyValueSpecification","valueRequired":true,"valueName":"search_term_string"}}],"inLanguage":"fr-FR"},{"@type":"Organization","@id":"https:\/\/away.trackersline.com\/go.php?v=2\/#organization","name":"Calusco BigMat","url":"https:\/\/away.trackersline.com\/go.php?v=2\/","logo":{"@type":"ImageObject","inLanguage":"fr-FR","@id":"https:\/\/away.trackersline.com\/go.php?v=2\/#\/schema\/logo\/image\/","url":"https:\/\/i0.wp.com\/caluscobigmat.it\/wp-content\/uploads\/2020\/02\/cropped-cropped-BigMatLOGO_INTL_PAYOFF-e1596828655319.png?fit=340%2C118&ssl=1","contentUrl":"https:\/\/i0.wp.com\/caluscobigmat.it\/wp-content\/uploads\/2020\/02\/cropped-cropped-BigMatLOGO_INTL_PAYOFF-e1596828655319.png?fit=340%2C118&ssl=1","width":340,"height":118,"caption":"Calusco BigMat"},"image":{"@id":"https:\/\/away.trackersline.com\/go.php?v=2\/#\/schema\/logo\/image\/"}}]}},"jetpack_sharing_enabled":true,"_links":{"self":[{"href":"https:\/\/caluscobigmat.it\/fr\/wp-json\/wp\/v2\/pages\/6110","targetHints":{"allow":["GET"]}}],"collection":[{"href":"https:\/\/caluscobigmat.it\/fr\/wp-json\/wp\/v2\/pages"}],"about":[{"href":"https:\/\/caluscobigmat.it\/fr\/wp-json\/wp\/v2\/types\/page"}],"author":[{"embeddable":true,"href":"https:\/\/caluscobigmat.it\/fr\/wp-json\/wp\/v2\/users\/1"}],"replies":[{"embeddable":true,"href":"https:\/\/caluscobigmat.it\/fr\/wp-json\/wp\/v2\/comments?post=6110"}],"version-history":[{"count":0,"href":"https:\/\/caluscobigmat.it\/fr\/wp-json\/wp\/v2\/pages\/6110\/revisions"}],"wp:attachment":[{"href":"https:\/\/caluscobigmat.it\/fr\/wp-json\/wp\/v2\/media?parent=6110"}],"curies":[{"name":"wp","href":"https:\/\/api.w.org\/{rel}","templated":true}]}}